{"id":1961,"date":"2022-06-19T19:06:15","date_gmt":"2022-06-19T22:06:15","guid":{"rendered":"https:\/\/fpmcmautoclaves.com.br\/?post_type=product&#038;p=1961"},"modified":"2022-10-13T16:58:56","modified_gmt":"2022-10-13T19:58:56","slug":"controlador-mca-65","status":"publish","type":"product","link":"https:\/\/fpmcmautoclaves.com.br\/?product=controlador-mca-65","title":{"rendered":"Controlador MCA-65"},"content":{"rendered":"<p>Controlador para Autoclaves MCA-65<\/p>\n<p>Caracter\u00edsticas principais<\/p>\n<p>&gt; Controla todas as vari\u00e1veis do processo de esteriliza\u00e7\u00e3o<br \/>\n&gt; Sete sa\u00eddas para comando<br \/>\n&gt; Um ponto de leitura de temperatura com resolu\u00e7\u00e3o de 1\u00baC<br \/>\n&gt; Controle total do gerador de vapor com 2 sensores de n\u00edvel (alto\/baixo)<br \/>\n&gt; Indica\u00e7\u00e3o de porta aberta<br \/>\n&gt; Sa\u00edda para impressora (FH-190 ou RMDIII)<br \/>\n&gt; Imprime registro num\u00e9rico do ciclo realizado<br \/>\n&gt; Compacto e f\u00e1cil de instalar<br \/>\n&gt; F\u00e1cil opera\u00e7\u00e3o<\/p>\n","protected":false},"excerpt":{"rendered":"Controlador para Autoclaves MCA-65\r\n\r\nCaracter\u00edsticas principais\r\n\r\n&gt; Controla todas as vari\u00e1veis do processo de esteriliza\u00e7\u00e3o\r\n&gt; Sete sa\u00eddas para comando\r\n&gt; Um ponto de leitura de temperatura com resolu\u00e7\u00e3o de 1\u00baC\r\n&gt; Controle total do gerador de vapor com 2 sensores de n\u00edvel (alto\/baixo)\r\n&gt; Indica\u00e7\u00e3o de porta aberta\r\n&gt; Sa\u00edda para impressora (FH-190 ou RMDIII)\r\n&gt; Imprime registro num\u00e9rico do ciclo realizado\r\n&gt; Compacto e f\u00e1cil de instalar\r\n&gt; F\u00e1cil opera\u00e7\u00e3o","protected":false},"featured_media":2080,"template":"","meta":[],"product_cat":[115],"product_tag":[116],"class_list":{"0":"post-1961","1":"product","2":"type-product","3":"status-publish","4":"has-post-thumbnail","6":"product_cat-pecas-de-reposicao-para-autoclave","7":"product_tag-pecas-de-reposicao-para-autoclave","9":"first","10":"instock","11":"shipping-taxable","12":"product-type-simple"},"_links":{"self":[{"href":"https:\/\/fpmcmautoclaves.com.br\/index.php?rest_route=\/wp\/v2\/product\/1961","targetHints":{"allow":["GET"]}}],"collection":[{"href":"https:\/\/fpmcmautoclaves.com.br\/index.php?rest_route=\/wp\/v2\/product"}],"about":[{"href":"https:\/\/fpmcmautoclaves.com.br\/index.php?rest_route=\/wp\/v2\/types\/product"}],"wp:featuredmedia":[{"embeddable":true,"href":"https:\/\/fpmcmautoclaves.com.br\/index.php?rest_route=\/wp\/v2\/media\/2080"}],"wp:attachment":[{"href":"https:\/\/fpmcmautoclaves.com.br\/index.php?rest_route=%2Fwp%2Fv2%2Fmedia&parent=1961"}],"wp:term":[{"taxonomy":"product_cat","embeddable":true,"href":"https:\/\/fpmcmautoclaves.com.br\/index.php?rest_route=%2Fwp%2Fv2%2Fproduct_cat&post=1961"},{"taxonomy":"product_tag","embeddable":true,"href":"https:\/\/fpmcmautoclaves.com.br\/index.php?rest_route=%2Fwp%2Fv2%2Fproduct_tag&post=1961"}],"curies":[{"name":"wp","href":"https:\/\/api.w.org\/{rel}","templated":true}]}}