{"id":1946,"date":"2022-06-19T19:06:03","date_gmt":"2022-06-19T22:06:03","guid":{"rendered":"https:\/\/fpmcmautoclaves.com.br\/?post_type=product&#038;p=1946"},"modified":"2022-10-13T13:17:29","modified_gmt":"2022-10-13T16:17:29","slug":"autoclave-para-laboratorio-prismatec","status":"publish","type":"product","link":"https:\/\/fpmcmautoclaves.com.br\/?product=autoclave-para-laboratorio-prismatec","title":{"rendered":"Autoclave para Laborat\u00f3rio &#8211; Prismatec"},"content":{"rendered":"<p>A\u00a0<strong>autoclave vertical digital<\/strong>,Prismatec, e equipada com man\u00f4metro duas escalas, sendo uma para indica\u00e7\u00e3o da press\u00e3o (KGF\/cm2) e a outra para temperatura.<\/p>\n<p>A\u00a0<strong>autoclave vertical digital<\/strong>\u00a0Prismatec possui v\u00e1lvula controladora, registro para libera\u00e7\u00e3o da press\u00e3o e ar interno, torneira de dreno e cesto interno para materiais.<\/p>\n<h2>FORNECEDOR DE AUTOCLAVE VERTICAL DIGITAL<\/h2>\n<p>A Prismatec, fornece todas as informa\u00e7oes necessarias\u00a0 para instala\u00e7ao, opera\u00e7ao e manutencao das\u00a0<strong>autoclave vertical digital<\/strong>.<\/p>\n<p>Toda\u00a0<strong>autoclave vertical digital<\/strong>, e constituida por:tampa de bronze,manometro,valvula de saida de vapor, manipulos, esfera de baquelite,flange da caldeira interna, gabinete, pedal, pes de borracha, painel,etc<\/p>\n<p>A assistencia da\u00a0<strong>autoclave vertical digital<\/strong>\u00a0sera prestada pela nossa fabrica,\u00a0ou pelos servi\u00e7o autorizado\u00a0devidamente nomeados pela Prismatec.<\/p>\n<p>A manuten\u00e7ao do dispositivo de seguran\u00e7a da\u00a0<strong>autoclave vertical digital<\/strong>\u00a0 e primordial para que os mesmos funcionem corretamente e esteja sempre aptos a serem acionados em caso de emergencia.<\/p>\n<p>A\u00a0<strong>autoclave vertical digital<\/strong>\u00a0Prismatec,\u00a0antes de ser ligada deve-se verificar a voltagem do equipamento, observar se o disjuntor encontra-se ligado,e o registro de limpeza do reservatorio esta devidamente fechado.<\/p>\n<p>Ao desembalar a\u00a0<strong>autoclave vertical digital<\/strong>\u00a0, certifique-se que todas as pe\u00e7as pertencentes a ela se encontram em perfeitas condi\u00e7oes de uso.<\/p>\n<p>O equipamento devera ser instalado em&#8221;ambiente aberto&#8221;,isto e,nao devera ser confinado em paredes,e , afastado,no minimo 50 centimetros da parede e de outros aparelhos.<\/p>\n<p>Os operadores que usam o equipamento devem ser treinados ,e capacitados para esta atividade, nunca permita que pessoas nao treinadas utilizem o equipamento.<\/p>\n<p>Luvas protetoras devem ser usadas sempre que o operador estiver em contato com a camara de esteriliza\u00e7ao aquecida.<\/p>\n<p>Para limpeza nao utilizar palha ou esponja de a\u00e7o para limpeza da caldeira, pois o residuos depositados na superficie polida poderao contaminar a mesma favorecendo o processo de corrosao.<\/p>\n<p>A falta de limpeza\u00a0 pode ocasionar deposito de impurezas nas resistencias eletricas, ocasionando a queima da mesma.<\/p>\n<p>A aderencia de particulas no fundo da caldeira pode causar aparecimento de corrosao,diminuido consideravelmente a vida util do equipamento, sendo importante sua limpeza periodica.<\/p>\n<h2>MENSALMENTE:<\/h2>\n<ul>\n<li>verificar o aterramento do equipamento.<\/li>\n<li>verificar e reapertar as conexoes hidraulicas.<\/li>\n<li>verificar e reapertar os contatos eletricos.<\/li>\n<li>verificar a guarni\u00e7ao da tampa.<\/li>\n<li>verificar a valvula controladora de pressao<\/li>\n<\/ul>\n","protected":false},"excerpt":{"rendered":"A\u00a0<strong>autoclave vertical digital<\/strong>,Prismatec, e equipada com man\u00f4metro duas escalas, sendo uma para indica\u00e7\u00e3o da press\u00e3o (KGF\/cm2) e a outra para temperatura.\r\n\r\nA\u00a0<strong>autoclave vertical digital<\/strong>\u00a0Prismatec possui v\u00e1lvula controladora, registro para libera\u00e7\u00e3o da press\u00e3o e ar interno, torneira de dreno e cesto interno para materiais.\r\n<h2>FORNECEDOR DE AUTOCLAVE VERTICAL DIGITAL<\/h2>\r\nA Prismatec, fornece todas as informa\u00e7oes necessarias\u00a0 para instala\u00e7ao, opera\u00e7ao e manutencao das\u00a0<strong>autoclave vertical digital<\/strong>.\r\n\r\nToda\u00a0<strong>autoclave vertical digital<\/strong>, e constituida por:tampa de bronze,manometro,valvula de saida de vapor, manipulos, esfera de baquelite,flange da caldeira interna, gabinete, pedal, pes de borracha, painel,etc\r\n\r\nA assistencia da\u00a0<strong>autoclave vertical digital<\/strong>\u00a0sera prestada pela nossa fabrica,\u00a0ou pelos servi\u00e7o autorizado\u00a0devidamente nomeados pela Prismatec.\r\n\r\nA manuten\u00e7ao do dispositivo de seguran\u00e7a da\u00a0<strong>autoclave vertical digital<\/strong>\u00a0 e primordial para que os mesmos funcionem corretamente e esteja sempre aptos a serem acionados em caso de emergencia.\r\n\r\nA\u00a0<strong>autoclave vertical digital<\/strong>\u00a0Prismatec,\u00a0antes de ser ligada deve-se verificar a voltagem do equipamento, observar se o disjuntor encontra-se ligado,e o registro de limpeza do reservatorio esta devidamente fechado.\r\n\r\nAo desembalar a\u00a0<strong>autoclave vertical digital<\/strong>\u00a0, certifique-se que todas as pe\u00e7as pertencentes a ela se encontram em perfeitas condi\u00e7oes de uso.\r\n\r\nO equipamento devera ser instalado em&#8221;ambiente aberto&#8221;,isto e,nao devera ser confinado em paredes,e , afastado,no minimo 50 centimetros da parede e de outros aparelhos.\r\n\r\nOs operadores que usam o equipamento devem ser treinados ,e capacitados para esta atividade, nunca permita que pessoas nao treinadas utilizem o equipamento.\r\n\r\nLuvas protetoras devem ser usadas sempre que o operador estiver em contato com a camara de esteriliza\u00e7ao aquecida.\r\n\r\nPara limpeza nao utilizar palha ou esponja de a\u00e7o para limpeza da caldeira, pois o residuos depositados na superficie polida poderao contaminar a mesma favorecendo o processo de corrosao.\r\n\r\nA falta de limpeza\u00a0 pode ocasionar deposito de impurezas nas resistencias eletricas, ocasionando a queima da mesma.\r\n\r\nA aderencia de particulas no fundo da caldeira pode causar aparecimento de corrosao,diminuido consideravelmente a vida util do equipamento, sendo importante sua limpeza periodica.\r\n<h2>MENSALMENTE:<\/h2>\r\n<ul>\r\n \t<li>verificar o aterramento do equipamento.<\/li>\r\n \t<li>verificar e reapertar as conexoes hidraulicas.<\/li>\r\n \t<li>verificar e reapertar os contatos eletricos.<\/li>\r\n \t<li>verificar a guarni\u00e7ao da tampa.<\/li>\r\n \t<li>verificar a valvula controladora de pressao<\/li>\r\n<\/ul>","protected":false},"featured_media":2064,"template":"","meta":[],"product_cat":[109],"product_tag":[110],"class_list":{"0":"post-1946","1":"product","2":"type-product","3":"status-publish","4":"has-post-thumbnail","6":"product_cat-autoclaves","7":"product_tag-autoclaves","9":"first","10":"instock","11":"shipping-taxable","12":"product-type-simple"},"_links":{"self":[{"href":"https:\/\/fpmcmautoclaves.com.br\/index.php?rest_route=\/wp\/v2\/product\/1946","targetHints":{"allow":["GET"]}}],"collection":[{"href":"https:\/\/fpmcmautoclaves.com.br\/index.php?rest_route=\/wp\/v2\/product"}],"about":[{"href":"https:\/\/fpmcmautoclaves.com.br\/index.php?rest_route=\/wp\/v2\/types\/product"}],"wp:featuredmedia":[{"embeddable":true,"href":"https:\/\/fpmcmautoclaves.com.br\/index.php?rest_route=\/wp\/v2\/media\/2064"}],"wp:attachment":[{"href":"https:\/\/fpmcmautoclaves.com.br\/index.php?rest_route=%2Fwp%2Fv2%2Fmedia&parent=1946"}],"wp:term":[{"taxonomy":"product_cat","embeddable":true,"href":"https:\/\/fpmcmautoclaves.com.br\/index.php?rest_route=%2Fwp%2Fv2%2Fproduct_cat&post=1946"},{"taxonomy":"product_tag","embeddable":true,"href":"https:\/\/fpmcmautoclaves.com.br\/index.php?rest_route=%2Fwp%2Fv2%2Fproduct_tag&post=1946"}],"curies":[{"name":"wp","href":"https:\/\/api.w.org\/{rel}","templated":true}]}}