{"id":1929,"date":"2022-06-19T19:05:39","date_gmt":"2022-06-19T22:05:39","guid":{"rendered":"https:\/\/fpmcmautoclaves.com.br\/?post_type=product&#038;p=1929"},"modified":"2022-10-13T13:10:46","modified_gmt":"2022-10-13T16:10:46","slug":"autoclave-horizontal","status":"publish","type":"product","link":"https:\/\/fpmcmautoclaves.com.br\/?product=autoclave-horizontal","title":{"rendered":"Autoclave Horizontal"},"content":{"rendered":"<p>A autoclave horizontal ONIX \u00e9 projetado e fabricado com alta tecnologia e qualidade em conformidade com as normas Brasileira. Indicado para Hospital, ind\u00fastrias, laborat\u00f3rios de analise e pesquisa.<\/p>\n<p><strong>C\u00c2MARA<\/strong><br \/>\nC\u00e2mara interna com se\u00e7\u00e3o transversal quadrada, constru\u00edda em chapas de a\u00e7o inoxid\u00e1vel AISI 316L, unidas por processo de soldagem TIG e refor\u00e7adas externamente por perfil &#8220;U&#8221; de a\u00e7o inoxid\u00e1vel AISI 304-L, unidas ao corpo por processo de soldagem MIG\/MAG e isolado externamente por manta de l\u00e3 de rocha e chapa de aluminio corrugado, formando um conjunto que constitui a c\u00e2mara externa e a estrutura do vaso.<\/p>\n<p><strong>PORTAS<\/strong><\/p>\n<p>Porta com movimento central, acionamento manual. O sistema de fechamento por guarni\u00e7\u00e3o pressurizado de silicone.<\/p>\n<p><strong> ACABAMENTO INTERNO E EXTERNO<\/strong><br \/>\nNas paredes internas do autoclave polimento sanit\u00e1rio, gr\u00e3o 320. Externamente o acabamento em a\u00e7o inoxid\u00e1vel escovado.<\/p>\n<p><strong>COMANDO ELETR\u00d4NICO<br \/>\n<\/strong> O comando da instala\u00e7\u00e3o \u00e9 realizado por Controlador L\u00f3gico Program\u00e1vel, digital de modo a visualizar facilmente os par\u00e2metros do processo de esteriliza\u00e7\u00e3o. O software de programa\u00e7\u00e3o do CLP permite controlar totalmente o ciclo de esteriliza\u00e7\u00e3o, possibilitando a altera\u00e7\u00e3o de par\u00e2metros de ciclo, assim com a visualiza\u00e7\u00e3o de todo o processo atrav\u00e9s da IHM.<\/p>\n","protected":false},"excerpt":{"rendered":"A autoclave horizontal ONIX \u00e9 projetado e fabricado com alta tecnologia e qualidade em conformidade com as normas Brasileira. Indicado para Hospital, ind\u00fastrias, laborat\u00f3rios de analise e pesquisa. C\u00c2MARA C\u00e2mara interna com se\u00e7\u00e3o transversal quadrada, constru\u00edda em chapas de a\u00e7o inoxid\u00e1vel AISI 316L, unidas por processo de soldagem TIG e refor\u00e7adas externamente por perfil &#8220;U&#8221;&#8230;","protected":false},"featured_media":2062,"template":"","meta":[],"product_cat":[109],"product_tag":[110],"class_list":{"0":"post-1929","1":"product","2":"type-product","3":"status-publish","4":"has-post-thumbnail","6":"product_cat-autoclaves","7":"product_tag-autoclaves","9":"first","10":"instock","11":"shipping-taxable","12":"product-type-simple"},"_links":{"self":[{"href":"https:\/\/fpmcmautoclaves.com.br\/index.php?rest_route=\/wp\/v2\/product\/1929","targetHints":{"allow":["GET"]}}],"collection":[{"href":"https:\/\/fpmcmautoclaves.com.br\/index.php?rest_route=\/wp\/v2\/product"}],"about":[{"href":"https:\/\/fpmcmautoclaves.com.br\/index.php?rest_route=\/wp\/v2\/types\/product"}],"wp:featuredmedia":[{"embeddable":true,"href":"https:\/\/fpmcmautoclaves.com.br\/index.php?rest_route=\/wp\/v2\/media\/2062"}],"wp:attachment":[{"href":"https:\/\/fpmcmautoclaves.com.br\/index.php?rest_route=%2Fwp%2Fv2%2Fmedia&parent=1929"}],"wp:term":[{"taxonomy":"product_cat","embeddable":true,"href":"https:\/\/fpmcmautoclaves.com.br\/index.php?rest_route=%2Fwp%2Fv2%2Fproduct_cat&post=1929"},{"taxonomy":"product_tag","embeddable":true,"href":"https:\/\/fpmcmautoclaves.com.br\/index.php?rest_route=%2Fwp%2Fv2%2Fproduct_tag&post=1929"}],"curies":[{"name":"wp","href":"https:\/\/api.w.org\/{rel}","templated":true}]}}