{"id":1923,"date":"2022-06-19T19:05:34","date_gmt":"2022-06-19T22:05:34","guid":{"rendered":"https:\/\/fpmcmautoclaves.com.br\/?post_type=product&#038;p=1923"},"modified":"2022-10-13T18:18:23","modified_gmt":"2022-10-13T21:18:23","slug":"valvula-de-seguranca-autoclave-vertical","status":"publish","type":"product","link":"https:\/\/fpmcmautoclaves.com.br\/?product=valvula-de-seguranca-autoclave-vertical","title":{"rendered":"V\u00e1lvula de Seguran\u00e7a Autoclave Vertical"},"content":{"rendered":"<p>V\u00e1lvula de Seguran\u00e7a Autoclave Vertical<\/p>\n","protected":false},"excerpt":{"rendered":"V\u00e1lvula de Seguran\u00e7a Autoclave Vertical","protected":false},"featured_media":2107,"template":"","meta":[],"product_cat":[115],"product_tag":[116],"class_list":{"0":"post-1923","1":"product","2":"type-product","3":"status-publish","4":"has-post-thumbnail","6":"product_cat-pecas-de-reposicao-para-autoclave","7":"product_tag-pecas-de-reposicao-para-autoclave","9":"first","10":"instock","11":"shipping-taxable","12":"product-type-simple"},"_links":{"self":[{"href":"https:\/\/fpmcmautoclaves.com.br\/index.php?rest_route=\/wp\/v2\/product\/1923","targetHints":{"allow":["GET"]}}],"collection":[{"href":"https:\/\/fpmcmautoclaves.com.br\/index.php?rest_route=\/wp\/v2\/product"}],"about":[{"href":"https:\/\/fpmcmautoclaves.com.br\/index.php?rest_route=\/wp\/v2\/types\/product"}],"wp:featuredmedia":[{"embeddable":true,"href":"https:\/\/fpmcmautoclaves.com.br\/index.php?rest_route=\/wp\/v2\/media\/2107"}],"wp:attachment":[{"href":"https:\/\/fpmcmautoclaves.com.br\/index.php?rest_route=%2Fwp%2Fv2%2Fmedia&parent=1923"}],"wp:term":[{"taxonomy":"product_cat","embeddable":true,"href":"https:\/\/fpmcmautoclaves.com.br\/index.php?rest_route=%2Fwp%2Fv2%2Fproduct_cat&post=1923"},{"taxonomy":"product_tag","embeddable":true,"href":"https:\/\/fpmcmautoclaves.com.br\/index.php?rest_route=%2Fwp%2Fv2%2Fproduct_tag&post=1923"}],"curies":[{"name":"wp","href":"https:\/\/api.w.org\/{rel}","templated":true}]}}