{"id":1921,"date":"2022-06-19T19:05:33","date_gmt":"2022-06-19T22:05:33","guid":{"rendered":"https:\/\/fpmcmautoclaves.com.br\/?post_type=product&#038;p=1921"},"modified":"2022-06-19T19:06:21","modified_gmt":"2022-06-19T22:06:21","slug":"valvula-seguranca-rvs-52-apollo-valves","status":"publish","type":"product","link":"https:\/\/fpmcmautoclaves.com.br\/?product=valvula-seguranca-rvs-52-apollo-valves","title":{"rendered":"Valvula Seguran\u00e7a &#8211; RVS 52 Apollo Valves"},"content":{"rendered":"<p>V\u00e1lvula de Seguran\u00e7a ASME VIII &#8211; VAPOR RVS52<\/p>\n<p> MODELO: RVS52 | MATERIAL: ASTM B16 -LAT\u00c3O<br \/> DI\u00c2METRO: 1\/2&#8243; NPTM X 1\/2&#8243; NPTF | PRESS\u00c3O DE AJUSTE: 15 &#8211; 60 PSIG<br \/> ACIONAMENTO MANUAL: SIM POR GATILHO <\/p>\n","protected":false},"excerpt":{"rendered":"V\u00e1lvula de Seguran\u00e7a ASME VIII &#8211; VAPOR RVS52<br> <br> MODELO: RVS52 | MATERIAL: ASTM B16 -LAT\u00c3O<br> DI\u00c2METRO: 1\/2&#8243; NPTM X 1\/2&#8243; NPTF | PRESS\u00c3O DE AJUSTE: 15 &#8211; 60 PSIG<br> ACIONAMENTO MANUAL: SIM POR GATILHO<br> ","protected":false},"featured_media":1967,"template":"","meta":[],"product_cat":[115],"product_tag":[116],"class_list":{"0":"post-1921","1":"product","2":"type-product","3":"status-publish","4":"has-post-thumbnail","6":"product_cat-pecas-de-reposicao-para-autoclave","7":"product_tag-pecas-de-reposicao-para-autoclave","9":"first","10":"instock","11":"shipping-taxable","12":"product-type-simple"},"_links":{"self":[{"href":"https:\/\/fpmcmautoclaves.com.br\/index.php?rest_route=\/wp\/v2\/product\/1921","targetHints":{"allow":["GET"]}}],"collection":[{"href":"https:\/\/fpmcmautoclaves.com.br\/index.php?rest_route=\/wp\/v2\/product"}],"about":[{"href":"https:\/\/fpmcmautoclaves.com.br\/index.php?rest_route=\/wp\/v2\/types\/product"}],"wp:featuredmedia":[{"embeddable":true,"href":"https:\/\/fpmcmautoclaves.com.br\/index.php?rest_route=\/wp\/v2\/media\/1967"}],"wp:attachment":[{"href":"https:\/\/fpmcmautoclaves.com.br\/index.php?rest_route=%2Fwp%2Fv2%2Fmedia&parent=1921"}],"wp:term":[{"taxonomy":"product_cat","embeddable":true,"href":"https:\/\/fpmcmautoclaves.com.br\/index.php?rest_route=%2Fwp%2Fv2%2Fproduct_cat&post=1921"},{"taxonomy":"product_tag","embeddable":true,"href":"https:\/\/fpmcmautoclaves.com.br\/index.php?rest_route=%2Fwp%2Fv2%2Fproduct_tag&post=1921"}],"curies":[{"name":"wp","href":"https:\/\/api.w.org\/{rel}","templated":true}]}}