{"id":1903,"date":"2022-06-19T19:05:19","date_gmt":"2022-06-19T22:05:19","guid":{"rendered":"https:\/\/fpmcmautoclaves.com.br\/?post_type=product&#038;p=1903"},"modified":"2022-10-13T14:49:17","modified_gmt":"2022-10-13T17:49:17","slug":"autoclave-vertical-cs-prismatec","status":"publish","type":"product","link":"https:\/\/fpmcmautoclaves.com.br\/?product=autoclave-vertical-cs-prismatec","title":{"rendered":"Autoclave Vertical CS &#8211; Prismatec"},"content":{"rendered":"<p><strong>Autoclave de c\u00e2mara simples para esteriliza\u00e7ao de materiais e utens\u00edlios diversos .<\/strong><\/p>\n<p>C\u00e2mara de esteriliza\u00e7ao em a\u00e7o inox AISI 304.<br \/>\nGabinete em chapa de a\u00e7o com tratamento anti-corrosivo e acabamento em ep\u00f3xi eletrost\u00e1tico.<br \/>\nTampa em bronze fundido, internamento estanhado e externamente polida com guarni\u00e7ao de veda\u00e7ao em silicone .<br \/>\nV\u00e1lvula de seguran\u00e7a e controle da pressao por meio de contra-peso regul\u00e1vel.<br \/>\nMan\u00edpulos em baquelite isolante ao calor para fechamento da tampa.<br \/>\nResistencia tubular de imersao blindada com tubo de cobre cromado.<br \/>\nMan\u00f4metro com escala de pressao ( 0 a 3,0 kgf\/cm2) e temperatura (100 a 143oC) .<br \/>\nPainel com chave seletora de calor ( MIN, MED e MAX), l\u00e2mpada indicadora liga\/desliga e instru\u00e7oes de uso.<br \/>\nCestos internos em a\u00e7o inox AISI 304.<br \/>\nRegistro de esfera para drenagem e limpeza da c\u00e2mara de esteriliza\u00e7ao.<br \/>\nSistema de abertura da tampa, por interm\u00e9dio de pedal.<br \/>\nAcompanha manual de instru\u00e7ao.<\/p>\n<div align=\"center\"><\/div>\n","protected":false},"excerpt":{"rendered":"<div align=\"center\">\r\n<table border=\"0\" width=\"575\">\r\n<tbody>\r\n<tr bgcolor=\"#666666\">\r\n<td colspan=\"13\" width=\"792\">\r\n<div class=\"style5\" align=\"center\"><span style=\"color: #ffffff; font-size: xx-small;\">Pressao de trabalho &#8211; regul\u00e1vel de 1,0 a 1,5 kgf\/cm2.\r\nTemperatura m\u00e1xima de trabalho &#8211; 127oC.<\/span><\/div><\/td>\r\n<\/tr>\r\n<\/tbody>\r\n<\/table>\r\n<table border=\"0\" width=\"575\">\r\n<tbody>\r\n<tr bgcolor=\"#cccccc\">\r\n<td rowspan=\"2\" bgcolor=\"#6b96c6\" width=\"41\">\r\n<div class=\"style17\" align=\"center\"><span class=\"style19\"><span style=\"font-size: xx-small;\">Modelo<\/span><\/span><\/div><\/td>\r\n<td rowspan=\"2\" bgcolor=\"#6b96c6\" width=\"72\">\r\n<div class=\"style19\" align=\"center\">\r\n<div align=\"center\"><span style=\"font-size: xx-small;\">Capacidade\r\nAproximada\r\n(Lts)<\/span><\/div>\r\n<\/div><\/td>\r\n<td rowspan=\"2\" bgcolor=\"#6b96c6\" width=\"45\">\r\n<div class=\"style19\" align=\"center\">\r\n<div align=\"center\"><span style=\"font-size: xx-small;\">Tensao\r\n(volts)<\/span><\/div>\r\n<\/div><\/td>\r\n<td rowspan=\"2\" bgcolor=\"#6b96c6\" width=\"51\">\r\n<div class=\"style18\" align=\"center\">\r\n<div class=\"style12\" align=\"center\"><span style=\"font-size: xx-small;\">Potencia\r\n(Watts)<\/span><\/div>\r\n<\/div><\/td>\r\n<td colspan=\"2\" bgcolor=\"#6b96c6\">\r\n<div class=\"style18\" align=\"center\">\r\n<div class=\"style12\" align=\"center\"><span style=\"font-size: xx-small;\">Dimensoes\r\nInternas (cm)<\/span><\/div>\r\n<\/div><\/td>\r\n<td colspan=\"3\" bgcolor=\"#6b96c6\">\r\n<div class=\"style18\" align=\"center\">\r\n<div class=\"style12\" align=\"center\"><span style=\"font-size: xx-small;\">Dimensoes\r\nExternas (cm)<\/span><\/div>\r\n<\/div><\/td>\r\n<td colspan=\"3\" bgcolor=\"#6b96c6\">\r\n<div class=\"style18\" align=\"center\">\r\n<div class=\"style12\" align=\"center\"><span style=\"font-size: xx-small;\">Cesto Interno<\/span><\/div>\r\n<\/div><\/td>\r\n<td rowspan=\"2\" bgcolor=\"#6b96c6\" width=\"56\">\r\n<div class=\"style18\" align=\"center\">\r\n<div class=\"style12\" align=\"center\"><span style=\"font-size: xx-small;\">Peso\r\nL\u00edquido\r\n(Kg)<\/span><\/div>\r\n<\/div>\r\n<div align=\"center\"><\/div><\/td>\r\n<\/tr>\r\n<tr bgcolor=\"#cccccc\">\r\n<td width=\"35\">\r\n<div align=\"center\"><span class=\"style12\"><span style=\"font-size: xx-small;\"><span class=\"style3\">Di\u00e2m<\/span>.<\/span><\/span><\/div><\/td>\r\n<td width=\"30\">\r\n<div class=\"style3\" align=\"center\"><span style=\"font-size: xx-small;\">Alt.<\/span><\/div><\/td>\r\n<td width=\"30\">\r\n<div class=\"style3\" align=\"center\"><span style=\"font-size: xx-small;\">Larg.<\/span><\/div><\/td>\r\n<td width=\"37\">\r\n<div class=\"style3\" align=\"center\"><span style=\"font-size: xx-small;\">Comp.<\/span><\/div><\/td>\r\n<td width=\"25\">\r\n<div class=\"style3\" align=\"center\"><span style=\"font-size: xx-small;\">Alt.<\/span><\/div><\/td>\r\n<td width=\"37\"><span style=\"font-size: xx-small;\"><span class=\"style3\">Quant<\/span>.<\/span><\/td>\r\n<td width=\"33\">\r\n<div class=\"style3\" align=\"center\"><span style=\"font-size: xx-small;\">Di\u00e2m.<\/span><\/div><\/td>\r\n<td width=\"29\">\r\n<div align=\"center\"><span class=\"style3\"><span style=\"font-size: xx-small;\">Alt.<\/span><\/span><\/div><\/td>\r\n<\/tr>\r\n<tr bgcolor=\"#cccccc\">\r\n<td>\r\n<div class=\"style20\" align=\"center\"><span style=\"font-size: xx-small;\">CS-75*<\/span><\/div><\/td>\r\n<td>\r\n<div class=\"style3\" align=\"center\"><span style=\"font-size: xx-small;\">75<\/span><\/div><\/td>\r\n<td>\r\n<div align=\"center\"><span class=\"style3\"><span style=\"font-size: xx-small;\">220<\/span><\/span><\/div><\/td>\r\n<td>\r\n<div class=\"style3\" align=\"center\"><span style=\"font-size: xx-small;\">4000<\/span><\/div><\/td>\r\n<td>\r\n<div class=\"style3\" align=\"center\"><span style=\"font-size: xx-small;\">40<\/span><\/div><\/td>\r\n<td>\r\n<div class=\"style3\" align=\"center\"><span style=\"font-size: xx-small;\">60<\/span><\/div><\/td>\r\n<td>\r\n<div class=\"style3\" align=\"center\"><span style=\"font-size: xx-small;\">50<\/span><\/div><\/td>\r\n<td>\r\n<div class=\"style3\" align=\"center\"><span style=\"font-size: xx-small;\">62<\/span><\/div><\/td>\r\n<td>\r\n<div class=\"style3\" align=\"center\"><span style=\"font-size: xx-small;\">115<\/span><\/div><\/td>\r\n<td>\r\n<div class=\"style3\" align=\"center\"><span style=\"font-size: xx-small;\">2<\/span><\/div><\/td>\r\n<td>\r\n<div align=\"center\"><span class=\"style21\"><span class=\"style22\"><span style=\"font-size: xx-small;\">38<\/span><\/span><\/span><\/div><\/td>\r\n<td>\r\n<div align=\"center\"><span class=\"style21\"><span class=\"style22\"><span style=\"font-size: xx-small;\">22<\/span><\/span><\/span><\/div><\/td>\r\n<td>\r\n<div class=\"style3\" align=\"center\"><span style=\"font-size: xx-small;\">88<\/span><\/div><\/td>\r\n<\/tr>\r\n<tr bgcolor=\"#cccccc\">\r\n<td>\r\n<div class=\"style20\" align=\"center\"><span style=\"font-size: xx-small;\">CS-137*<\/span><\/div><\/td>\r\n<td>\r\n<div class=\"style3\" align=\"center\"><span style=\"font-size: xx-small;\">137<\/span><\/div><\/td>\r\n<td>\r\n<div align=\"center\"><span class=\"style3\"><span style=\"font-size: xx-small;\">220<\/span><\/span><\/div><\/td>\r\n<td>\r\n<div class=\"style3\" align=\"center\"><span style=\"font-size: xx-small;\">6000<\/span><\/div><\/td>\r\n<td>\r\n<div class=\"style3\" align=\"center\"><span style=\"font-size: xx-small;\">50<\/span><\/div><\/td>\r\n<td>\r\n<div class=\"style3\" align=\"center\"><span style=\"font-size: xx-small;\">70<\/span><\/div><\/td>\r\n<td>\r\n<div class=\"style3\" align=\"center\"><span style=\"font-size: xx-small;\">60<\/span><\/div><\/td>\r\n<td>\r\n<div class=\"style3\" align=\"center\"><span style=\"font-size: xx-small;\">72<\/span><\/div><\/td>\r\n<td>\r\n<div class=\"style3\" align=\"center\"><span style=\"font-size: xx-small;\">130<\/span><\/div><\/td>\r\n<td>\r\n<div class=\"style3\" align=\"center\"><span style=\"font-size: xx-small;\">2<\/span><\/div><\/td>\r\n<td>\r\n<div align=\"center\"><span class=\"style21\"><span class=\"style22\"><span style=\"font-size: xx-small;\">48<\/span><\/span><\/span><\/div><\/td>\r\n<td>\r\n<div align=\"center\"><span class=\"style21\"><span class=\"style22\"><span style=\"font-size: xx-small;\">30<\/span><\/span><\/span><\/div><\/td>\r\n<td>\r\n<div class=\"style3\" align=\"center\"><span style=\"font-size: xx-small;\">153<\/span><\/div><\/td>\r\n<\/tr>\r\n<tr bgcolor=\"#cccccc\">\r\n<td>\r\n<div class=\"style20\" align=\"center\"><span style=\"font-size: xx-small;\">CS-225*<\/span><\/div><\/td>\r\n<td>\r\n<div class=\"style3\" align=\"center\"><span style=\"font-size: xx-small;\">225<\/span><\/div><\/td>\r\n<td>\r\n<div align=\"center\"><span class=\"style3\"><span style=\"font-size: xx-small;\">220<\/span><\/span><\/div><\/td>\r\n<td>\r\n<div class=\"style3\" align=\"center\"><span style=\"font-size: xx-small;\">8000<\/span><\/div><\/td>\r\n<td>\r\n<div class=\"style3\" align=\"center\"><span style=\"font-size: xx-small;\">60<\/span><\/div><\/td>\r\n<td>\r\n<div class=\"style3\" align=\"center\"><span style=\"font-size: xx-small;\">80<\/span><\/div><\/td>\r\n<td>\r\n<div class=\"style3\" align=\"center\"><span style=\"font-size: xx-small;\">70<\/span><\/div><\/td>\r\n<td>\r\n<div class=\"style3\" align=\"center\"><span style=\"font-size: xx-small;\">82<\/span><\/div><\/td>\r\n<td>\r\n<div class=\"style3\" align=\"center\"><span style=\"font-size: xx-small;\">135<\/span><\/div><\/td>\r\n<td>\r\n<div class=\"style3\" align=\"center\"><span style=\"font-size: xx-small;\">3<\/span><\/div><\/td>\r\n<td>\r\n<div align=\"center\"><span class=\"style21\"><span class=\"style22\"><span style=\"font-size: xx-small;\">58<\/span><\/span><\/span><\/div><\/td>\r\n<td>\r\n<div align=\"center\"><span class=\"style21\"><span class=\"style22\"><span style=\"font-size: xx-small;\">22<\/span><\/span><\/span><\/div><\/td>\r\n<td>\r\n<div class=\"style3\" align=\"center\"><span style=\"font-size: xx-small;\">194<\/span><\/div><\/td>\r\n<\/tr>\r\n<tr bgcolor=\"#636563\">\r\n<td colspan=\"5\">\r\n<div align=\"center\"><\/div>\r\n<div align=\"center\"><\/div>\r\n<div align=\"center\"><\/div>\r\n<div align=\"center\"><\/div>\r\n<div class=\"style23\" align=\"left\"><span style=\"color: #ffffff; font-size: xx-small;\">* Nao aconselh\u00e1vel em 110 volts.<\/span><\/div><\/td>\r\n<td colspan=\"8\">\r\n<div align=\"center\"><\/div>\r\n<div align=\"center\"><\/div>\r\n<div align=\"center\"><\/div>\r\n<div class=\"style23\" align=\"right\"><span style=\"color: #ffffff; font-size: xx-small;\">12 meses de garantia<\/span><\/div><\/td>\r\n<\/tr>\r\n<\/tbody>\r\n<\/table>\r\n<\/div>","protected":false},"featured_media":2065,"template":"","meta":[],"product_cat":[109],"product_tag":[110],"class_list":{"0":"post-1903","1":"product","2":"type-product","3":"status-publish","4":"has-post-thumbnail","6":"product_cat-autoclaves","7":"product_tag-autoclaves","9":"first","10":"instock","11":"shipping-taxable","12":"product-type-simple"},"_links":{"self":[{"href":"https:\/\/fpmcmautoclaves.com.br\/index.php?rest_route=\/wp\/v2\/product\/1903","targetHints":{"allow":["GET"]}}],"collection":[{"href":"https:\/\/fpmcmautoclaves.com.br\/index.php?rest_route=\/wp\/v2\/product"}],"about":[{"href":"https:\/\/fpmcmautoclaves.com.br\/index.php?rest_route=\/wp\/v2\/types\/product"}],"wp:featuredmedia":[{"embeddable":true,"href":"https:\/\/fpmcmautoclaves.com.br\/index.php?rest_route=\/wp\/v2\/media\/2065"}],"wp:attachment":[{"href":"https:\/\/fpmcmautoclaves.com.br\/index.php?rest_route=%2Fwp%2Fv2%2Fmedia&parent=1903"}],"wp:term":[{"taxonomy":"product_cat","embeddable":true,"href":"https:\/\/fpmcmautoclaves.com.br\/index.php?rest_route=%2Fwp%2Fv2%2Fproduct_cat&post=1903"},{"taxonomy":"product_tag","embeddable":true,"href":"https:\/\/fpmcmautoclaves.com.br\/index.php?rest_route=%2Fwp%2Fv2%2Fproduct_tag&post=1903"}],"curies":[{"name":"wp","href":"https:\/\/api.w.org\/{rel}","templated":true}]}}