{"id":1877,"date":"2022-06-19T19:04:55","date_gmt":"2022-06-19T22:04:55","guid":{"rendered":"https:\/\/fpmcmautoclaves.com.br\/?post_type=product&#038;p=1877"},"modified":"2022-10-13T17:21:02","modified_gmt":"2022-10-13T20:21:02","slug":"guarnicao-de-silicone-tipo-kaiowa","status":"publish","type":"product","link":"https:\/\/fpmcmautoclaves.com.br\/?product=guarnicao-de-silicone-tipo-kaiowa","title":{"rendered":"Guarni\u00e7\u00e3o de Silicone tipo Kaiowa"},"content":{"rendered":"<p>Guarni\u00e7\u00e3o silicone Kaiowa Autoclave Ortosintese<\/p>\n","protected":false},"excerpt":{"rendered":"Guarni\u00e7\u00e3o silicone Kaiowa Autoclave Ortosintese","protected":false},"featured_media":2088,"template":"","meta":[],"product_cat":[115],"product_tag":[116],"class_list":{"0":"post-1877","1":"product","2":"type-product","3":"status-publish","4":"has-post-thumbnail","6":"product_cat-pecas-de-reposicao-para-autoclave","7":"product_tag-pecas-de-reposicao-para-autoclave","9":"first","10":"instock","11":"shipping-taxable","12":"product-type-simple"},"_links":{"self":[{"href":"https:\/\/fpmcmautoclaves.com.br\/index.php?rest_route=\/wp\/v2\/product\/1877","targetHints":{"allow":["GET"]}}],"collection":[{"href":"https:\/\/fpmcmautoclaves.com.br\/index.php?rest_route=\/wp\/v2\/product"}],"about":[{"href":"https:\/\/fpmcmautoclaves.com.br\/index.php?rest_route=\/wp\/v2\/types\/product"}],"wp:featuredmedia":[{"embeddable":true,"href":"https:\/\/fpmcmautoclaves.com.br\/index.php?rest_route=\/wp\/v2\/media\/2088"}],"wp:attachment":[{"href":"https:\/\/fpmcmautoclaves.com.br\/index.php?rest_route=%2Fwp%2Fv2%2Fmedia&parent=1877"}],"wp:term":[{"taxonomy":"product_cat","embeddable":true,"href":"https:\/\/fpmcmautoclaves.com.br\/index.php?rest_route=%2Fwp%2Fv2%2Fproduct_cat&post=1877"},{"taxonomy":"product_tag","embeddable":true,"href":"https:\/\/fpmcmautoclaves.com.br\/index.php?rest_route=%2Fwp%2Fv2%2Fproduct_tag&post=1877"}],"curies":[{"name":"wp","href":"https:\/\/api.w.org\/{rel}","templated":true}]}}