{"id":1868,"date":"2022-06-19T19:04:45","date_gmt":"2022-06-19T22:04:45","guid":{"rendered":"https:\/\/fpmcmautoclaves.com.br\/?post_type=product&#038;p=1868"},"modified":"2022-10-13T14:59:14","modified_gmt":"2022-10-13T17:59:14","slug":"bomba-de-agua-ksb-p500","status":"publish","type":"product","link":"https:\/\/fpmcmautoclaves.com.br\/?product=bomba-de-agua-ksb-p500","title":{"rendered":"Bomba de \u00c1gua KSB P500"},"content":{"rendered":"<p>BOMBA PERIF\u00c9RICA KSB P 500 1\/2 CV &#8211; 220V<\/p>\n<p>A Bomba Perif\u00e9rica KSB \u00e9 recomendada para bombear \u00e1gua limpa e indicadas para uso nas ind\u00fastrias e constru\u00e7\u00e3o civil, irriga\u00e7\u00e3o, bombeamento para reservat\u00f3rios, aumento de press\u00e3o na rede, entre outras aplica\u00e7\u00f5es.<\/p>\n<p>Caracter\u00edsticas T\u00e9cnicas:<\/p>\n<p>Pot\u00eancia: 0,5 CV<br \/>\nTens\u00e3o: 220V<br \/>\nSuc\u00e7\u00e3o: 1\u2033,<br \/>\nRecalque: 1\u2033,<br \/>\nTemperatura de opera\u00e7\u00e3o: at\u00e9 80 \u00baC<br \/>\nRota\u00e7\u00e3o: 3500 rpm<br \/>\nGrau de prote\u00e7\u00e3o do motor: IP44<br \/>\nVaz\u00e3o m\u00e1xima: 2,4 m\u00b3\/h (Press\u00e3o 5 m.c.a)<br \/>\nVaz\u00e3o m\u00ednima: 0,3 m\u00b3\/h (Press\u00e3o 36 m.c.a)<\/p>\n<p>Outras Caracter\u00edsticas:<\/p>\n<p>Bomba centr\u00edfuga com rotor perif\u00e9rico garantindo o bombeamento a grandes alturas, Corpo e suporte da bomba em ferro fundido.<br \/>\nRotor de liga de lat\u00e3o, flutuante em rela\u00e7\u00e3o ao eixo, com palhetas perif\u00e9ricas radiais.<br \/>\nEixo do motor em a\u00e7o inoxid\u00e1vel e selo mec\u00e2nico de cer\u00e2mica e grafite,<br \/>\nMotor: as bombas s\u00e3o acionadas por um motor de indu\u00e7\u00e3o do tipo fechado e ventilado, grau de prote\u00e7\u00e3o IP44 e isola\u00e7\u00e3o classe B, adequado para uso cont\u00ednuo.<\/p>\n<p>Dimens\u00f5es do Produto<\/p>\n<p>Peso: 5,5 Kg,<br \/>\nComprimento: 25,1 cm,<br \/>\nLargura: 12 cm,<br \/>\nAltura: 15,2 cm,<\/p>\n","protected":false},"excerpt":{"rendered":"BOMBA PERIF\u00c9RICA KSB P 500 1\/2 CV &#8211; 220V\r\n\r\n\r\nA Bomba Perif\u00e9rica KSB \u00e9 recomendada para bombear \u00e1gua limpa e indicadas para uso nas ind\u00fastrias e constru\u00e7\u00e3o civil, irriga\u00e7\u00e3o, bombeamento para reservat\u00f3rios, aumento de press\u00e3o na rede, entre outras aplica\u00e7\u00f5es.\r\n\r\n\r\nCaracter\u00edsticas T\u00e9cnicas:\r\n\r\nPot\u00eancia: 0,5 CV\r\nTens\u00e3o: 220V\r\nSuc\u00e7\u00e3o: 1\u2033,\r\nRecalque: 1\u2033,\r\nTemperatura de opera\u00e7\u00e3o: at\u00e9 80 \u00baC\r\nRota\u00e7\u00e3o: 3500 rpm\r\nGrau de prote\u00e7\u00e3o do motor: IP44\r\nVaz\u00e3o m\u00e1xima: 2,4 m\u00b3\/h (Press\u00e3o 5 m.c.a)\r\nVaz\u00e3o m\u00ednima: 0,3 m\u00b3\/h (Press\u00e3o 36 m.c.a)\r\n\r\n\r\nOutras Caracter\u00edsticas:\r\n\r\nBomba centr\u00edfuga com rotor perif\u00e9rico garantindo o bombeamento a grandes alturas, Corpo e suporte da bomba em ferro fundido.\r\nRotor de liga de lat\u00e3o, flutuante em rela\u00e7\u00e3o ao eixo, com palhetas perif\u00e9ricas radiais.\r\nEixo do motor em a\u00e7o inoxid\u00e1vel e selo mec\u00e2nico de cer\u00e2mica e grafite,\r\nMotor: as bombas s\u00e3o acionadas por um motor de indu\u00e7\u00e3o do tipo fechado e ventilado, grau de prote\u00e7\u00e3o IP44 e isola\u00e7\u00e3o classe B, adequado para uso cont\u00ednuo.\r\n\r\nDimens\u00f5es do Produto\r\n\r\nPeso: 5,5 Kg,\r\nComprimento: 25,1 cm,\r\nLargura: 12 cm,\r\nAltura: 15,2 cm,","protected":false},"featured_media":2068,"template":"","meta":[],"product_cat":[115],"product_tag":[116],"class_list":{"0":"post-1868","1":"product","2":"type-product","3":"status-publish","4":"has-post-thumbnail","6":"product_cat-pecas-de-reposicao-para-autoclave","7":"product_tag-pecas-de-reposicao-para-autoclave","9":"first","10":"instock","11":"shipping-taxable","12":"product-type-simple"},"_links":{"self":[{"href":"https:\/\/fpmcmautoclaves.com.br\/index.php?rest_route=\/wp\/v2\/product\/1868","targetHints":{"allow":["GET"]}}],"collection":[{"href":"https:\/\/fpmcmautoclaves.com.br\/index.php?rest_route=\/wp\/v2\/product"}],"about":[{"href":"https:\/\/fpmcmautoclaves.com.br\/index.php?rest_route=\/wp\/v2\/types\/product"}],"wp:featuredmedia":[{"embeddable":true,"href":"https:\/\/fpmcmautoclaves.com.br\/index.php?rest_route=\/wp\/v2\/media\/2068"}],"wp:attachment":[{"href":"https:\/\/fpmcmautoclaves.com.br\/index.php?rest_route=%2Fwp%2Fv2%2Fmedia&parent=1868"}],"wp:term":[{"taxonomy":"product_cat","embeddable":true,"href":"https:\/\/fpmcmautoclaves.com.br\/index.php?rest_route=%2Fwp%2Fv2%2Fproduct_cat&post=1868"},{"taxonomy":"product_tag","embeddable":true,"href":"https:\/\/fpmcmautoclaves.com.br\/index.php?rest_route=%2Fwp%2Fv2%2Fproduct_tag&post=1868"}],"curies":[{"name":"wp","href":"https:\/\/api.w.org\/{rel}","templated":true}]}}