{"id":1838,"date":"2022-06-19T19:04:01","date_gmt":"2022-06-19T22:04:01","guid":{"rendered":"https:\/\/fpmcmautoclaves.com.br\/?post_type=product&#038;p=1838"},"modified":"2022-10-13T17:05:33","modified_gmt":"2022-10-13T20:05:33","slug":"filtro-de-agua-polipropileno","status":"publish","type":"product","link":"https:\/\/fpmcmautoclaves.com.br\/?product=filtro-de-agua-polipropileno","title":{"rendered":"Filtro de \u00c1gua Polipropileno"},"content":{"rendered":"","protected":false},"excerpt":{"rendered":"Filtro de \u00c1gua Polipropileno\r\n\r\nInforma\u00e7\u00f5es T\u00e9cnicas:\r\nAltura: 5\u2033, 9 3\/4\u2033, 10\u2033, 20\u2033, 30\u2033, 40\u2033\r\nDi\u00e2metro interno: 28 mm\r\nDi\u00e2metro externo: 2 1\/2\u2033, 4 1\/2\u2033\r\nGrau de filtra\u00e7\u00e3o: 1, 5, 10, 25, 50\r\nTemperatura m\u00e1xima: 60\u00b0\r\nMaterial: Polipropileno\r\nModelo: Liso, Ranhurado\r\n\r\nTamanhos especiais sob consulta\r\n\r\nAplica\u00e7\u00e3o: utilizado para filtra\u00e7\u00e3o e reten\u00e7\u00e3o de part\u00edculas.","protected":false},"featured_media":2082,"template":"","meta":[],"product_cat":[115],"product_tag":[116],"class_list":{"0":"post-1838","1":"product","2":"type-product","3":"status-publish","4":"has-post-thumbnail","6":"product_cat-pecas-de-reposicao-para-autoclave","7":"product_tag-pecas-de-reposicao-para-autoclave","9":"first","10":"instock","11":"shipping-taxable","12":"product-type-simple"},"_links":{"self":[{"href":"https:\/\/fpmcmautoclaves.com.br\/index.php?rest_route=\/wp\/v2\/product\/1838","targetHints":{"allow":["GET"]}}],"collection":[{"href":"https:\/\/fpmcmautoclaves.com.br\/index.php?rest_route=\/wp\/v2\/product"}],"about":[{"href":"https:\/\/fpmcmautoclaves.com.br\/index.php?rest_route=\/wp\/v2\/types\/product"}],"wp:featuredmedia":[{"embeddable":true,"href":"https:\/\/fpmcmautoclaves.com.br\/index.php?rest_route=\/wp\/v2\/media\/2082"}],"wp:attachment":[{"href":"https:\/\/fpmcmautoclaves.com.br\/index.php?rest_route=%2Fwp%2Fv2%2Fmedia&parent=1838"}],"wp:term":[{"taxonomy":"product_cat","embeddable":true,"href":"https:\/\/fpmcmautoclaves.com.br\/index.php?rest_route=%2Fwp%2Fv2%2Fproduct_cat&post=1838"},{"taxonomy":"product_tag","embeddable":true,"href":"https:\/\/fpmcmautoclaves.com.br\/index.php?rest_route=%2Fwp%2Fv2%2Fproduct_tag&post=1838"}],"curies":[{"name":"wp","href":"https:\/\/api.w.org\/{rel}","templated":true}]}}