{"id":1837,"date":"2022-06-19T19:04:00","date_gmt":"2022-06-19T22:04:00","guid":{"rendered":"https:\/\/fpmcmautoclaves.com.br\/?post_type=product&#038;p=1837"},"modified":"2022-10-13T17:10:19","modified_gmt":"2022-10-13T20:10:19","slug":"filtro-de-carvao-ativado","status":"publish","type":"product","link":"https:\/\/fpmcmautoclaves.com.br\/?product=filtro-de-carvao-ativado","title":{"rendered":"Filtro de Carv\u00e3o Ativado"},"content":{"rendered":"<p>Filtro de Carv\u00e3o Ativado<\/p>\n<p> Informa\u00e7\u00f5es T\u00e9cnicas:<br \/> Altura: 5&#038;#8243,, 9 3\/4&#038;#8243,, 20&#038;#8243,<br \/> Di\u00e2metro interno: 28 mm<br \/> Di\u00e2metro externo: 2 1\/2&#038;#8243,, 4 1\/2&#038;#8243,<br \/> Grau de filtra\u00e7\u00e3o: 5 micras<br \/> Temperatura m\u00e1xima: 60\u00b0<br \/> Material: Carv\u00e3o ativado compacto<\/p>\n<p> Aplica\u00e7\u00e3o: Utilizado para reten\u00e7\u00e3o de cloro, gosto e odor. <\/p>\n","protected":false},"excerpt":{"rendered":"Filtro de Carv\u00e3o Ativado<br> <br> Informa\u00e7\u00f5es T\u00e9cnicas:<br> Altura: 5&#038;#8243,, 9 3\/4&#038;#8243,, 20&#038;#8243,<br> Di\u00e2metro interno: 28 mm<br> Di\u00e2metro externo: 2 1\/2&#038;#8243,, 4 1\/2&#038;#8243,<br> Grau de filtra\u00e7\u00e3o: 5 micras<br> Temperatura m\u00e1xima: 60\u00b0<br> Material: Carv\u00e3o ativado compacto<br> <br> Aplica\u00e7\u00e3o: Utilizado para reten\u00e7\u00e3o de cloro, gosto e odor.<br> ","protected":false},"featured_media":2084,"template":"","meta":[],"product_cat":[115],"product_tag":[116],"class_list":{"0":"post-1837","1":"product","2":"type-product","3":"status-publish","4":"has-post-thumbnail","6":"product_cat-pecas-de-reposicao-para-autoclave","7":"product_tag-pecas-de-reposicao-para-autoclave","9":"first","10":"instock","11":"shipping-taxable","12":"product-type-simple"},"_links":{"self":[{"href":"https:\/\/fpmcmautoclaves.com.br\/index.php?rest_route=\/wp\/v2\/product\/1837","targetHints":{"allow":["GET"]}}],"collection":[{"href":"https:\/\/fpmcmautoclaves.com.br\/index.php?rest_route=\/wp\/v2\/product"}],"about":[{"href":"https:\/\/fpmcmautoclaves.com.br\/index.php?rest_route=\/wp\/v2\/types\/product"}],"wp:featuredmedia":[{"embeddable":true,"href":"https:\/\/fpmcmautoclaves.com.br\/index.php?rest_route=\/wp\/v2\/media\/2084"}],"wp:attachment":[{"href":"https:\/\/fpmcmautoclaves.com.br\/index.php?rest_route=%2Fwp%2Fv2%2Fmedia&parent=1837"}],"wp:term":[{"taxonomy":"product_cat","embeddable":true,"href":"https:\/\/fpmcmautoclaves.com.br\/index.php?rest_route=%2Fwp%2Fv2%2Fproduct_cat&post=1837"},{"taxonomy":"product_tag","embeddable":true,"href":"https:\/\/fpmcmautoclaves.com.br\/index.php?rest_route=%2Fwp%2Fv2%2Fproduct_tag&post=1837"}],"curies":[{"name":"wp","href":"https:\/\/api.w.org\/{rel}","templated":true}]}}