{"id":1836,"date":"2022-06-19T19:03:59","date_gmt":"2022-06-19T22:03:59","guid":{"rendered":"https:\/\/fpmcmautoclaves.com.br\/?post_type=product&#038;p=1836"},"modified":"2022-10-13T15:44:30","modified_gmt":"2022-10-13T18:44:30","slug":"carcacas-polipropileno-para-elemento-filtrante","status":"publish","type":"product","link":"https:\/\/fpmcmautoclaves.com.br\/?product=carcacas-polipropileno-para-elemento-filtrante","title":{"rendered":"Carca\u00e7as Polipropileno para Elemento Filtrante"},"content":{"rendered":"<p>Carca\u00e7a Polipropileno para Elemento Filtrante.<\/p>\n<p> Informa\u00e7\u00f5es T\u00e9cnicas:<br \/> Cabe\u00e7a: Polipropileno<br \/> Corpo: Polipropileno, Policarbonato, Sangel<br \/> Conex\u00f5es: \u00bd&#8221;, \u00be&#8221;, 1&#038;#8243,<br \/> Temperatura m\u00e1xima: 60\u00bac<br \/> Press\u00e3o m\u00e1xima: 100psi<br \/> Di\u00e2metro externo: 2\u00bd&#8221;<br \/> Comprimento: 5&#038;#8243,, 10&#038;#8243,, 20&#038;#8243,<br \/> Vaz\u00e3o: Varia conforme cartucho<\/p>\n","protected":false},"excerpt":{"rendered":"Carca\u00e7a Polipropileno para Elemento Filtrante.<br> <br> Informa\u00e7\u00f5es T\u00e9cnicas:<br> Cabe\u00e7a: Polipropileno<br> Corpo: Polipropileno, Policarbonato, Sangel<br> Conex\u00f5es: \u00bd&#8221;, \u00be&#8221;, 1&#038;#8243,<br> Temperatura m\u00e1xima: 60\u00bac<br> Press\u00e3o m\u00e1xima: 100psi<br> Di\u00e2metro externo: 2\u00bd&#8221;<br> Comprimento: 5&#038;#8243,, 10&#038;#8243,, 20&#038;#8243,<br> Vaz\u00e3o: Varia conforme cartucho<br>","protected":false},"featured_media":2074,"template":"","meta":[],"product_cat":[115],"product_tag":[116],"class_list":{"0":"post-1836","1":"product","2":"type-product","3":"status-publish","4":"has-post-thumbnail","6":"product_cat-pecas-de-reposicao-para-autoclave","7":"product_tag-pecas-de-reposicao-para-autoclave","9":"first","10":"instock","11":"shipping-taxable","12":"product-type-simple"},"_links":{"self":[{"href":"https:\/\/fpmcmautoclaves.com.br\/index.php?rest_route=\/wp\/v2\/product\/1836","targetHints":{"allow":["GET"]}}],"collection":[{"href":"https:\/\/fpmcmautoclaves.com.br\/index.php?rest_route=\/wp\/v2\/product"}],"about":[{"href":"https:\/\/fpmcmautoclaves.com.br\/index.php?rest_route=\/wp\/v2\/types\/product"}],"wp:featuredmedia":[{"embeddable":true,"href":"https:\/\/fpmcmautoclaves.com.br\/index.php?rest_route=\/wp\/v2\/media\/2074"}],"wp:attachment":[{"href":"https:\/\/fpmcmautoclaves.com.br\/index.php?rest_route=%2Fwp%2Fv2%2Fmedia&parent=1836"}],"wp:term":[{"taxonomy":"product_cat","embeddable":true,"href":"https:\/\/fpmcmautoclaves.com.br\/index.php?rest_route=%2Fwp%2Fv2%2Fproduct_cat&post=1836"},{"taxonomy":"product_tag","embeddable":true,"href":"https:\/\/fpmcmautoclaves.com.br\/index.php?rest_route=%2Fwp%2Fv2%2Fproduct_tag&post=1836"}],"curies":[{"name":"wp","href":"https:\/\/api.w.org\/{rel}","templated":true}]}}