{"id":1831,"date":"2022-06-19T19:03:53","date_gmt":"2022-06-19T22:03:53","guid":{"rendered":"https:\/\/fpmcmautoclaves.com.br\/?post_type=product&#038;p=1831"},"modified":"2022-06-19T19:04:31","modified_gmt":"2022-06-19T22:04:31","slug":"resistencia-bujao-para-autoclave-horizontal","status":"publish","type":"product","link":"https:\/\/fpmcmautoclaves.com.br\/?product=resistencia-bujao-para-autoclave-horizontal","title":{"rendered":"Resist\u00eancia Buj\u00e3o para Autoclave Horizontal"},"content":{"rendered":"<p>Resistencia Buj\u00e3o para autoclave Horizontal <\/p>\n","protected":false},"excerpt":{"rendered":"Resistencia Buj\u00e3o para autoclave Horizontal ","protected":false},"featured_media":1860,"template":"","meta":[],"product_cat":[115],"product_tag":[116],"class_list":{"0":"post-1831","1":"product","2":"type-product","3":"status-publish","4":"has-post-thumbnail","6":"product_cat-pecas-de-reposicao-para-autoclave","7":"product_tag-pecas-de-reposicao-para-autoclave","9":"first","10":"instock","11":"shipping-taxable","12":"product-type-simple"},"_links":{"self":[{"href":"https:\/\/fpmcmautoclaves.com.br\/index.php?rest_route=\/wp\/v2\/product\/1831","targetHints":{"allow":["GET"]}}],"collection":[{"href":"https:\/\/fpmcmautoclaves.com.br\/index.php?rest_route=\/wp\/v2\/product"}],"about":[{"href":"https:\/\/fpmcmautoclaves.com.br\/index.php?rest_route=\/wp\/v2\/types\/product"}],"wp:featuredmedia":[{"embeddable":true,"href":"https:\/\/fpmcmautoclaves.com.br\/index.php?rest_route=\/wp\/v2\/media\/1860"}],"wp:attachment":[{"href":"https:\/\/fpmcmautoclaves.com.br\/index.php?rest_route=%2Fwp%2Fv2%2Fmedia&parent=1831"}],"wp:term":[{"taxonomy":"product_cat","embeddable":true,"href":"https:\/\/fpmcmautoclaves.com.br\/index.php?rest_route=%2Fwp%2Fv2%2Fproduct_cat&post=1831"},{"taxonomy":"product_tag","embeddable":true,"href":"https:\/\/fpmcmautoclaves.com.br\/index.php?rest_route=%2Fwp%2Fv2%2Fproduct_tag&post=1831"}],"curies":[{"name":"wp","href":"https:\/\/api.w.org\/{rel}","templated":true}]}}