{"id":1830,"date":"2022-06-19T19:03:53","date_gmt":"2022-06-19T22:03:53","guid":{"rendered":"https:\/\/fpmcmautoclaves.com.br\/?post_type=product&#038;p=1830"},"modified":"2022-10-13T17:16:45","modified_gmt":"2022-10-13T20:16:45","slug":"guarnicao-de-silicone-perfil-autoclave-horizontal","status":"publish","type":"product","link":"https:\/\/fpmcmautoclaves.com.br\/?product=guarnicao-de-silicone-perfil-autoclave-horizontal","title":{"rendered":"Guarni\u00e7\u00e3o de Silicone Perfil Autoclave Horizontal"},"content":{"rendered":"<p>Guarni\u00e7\u00e3o de Silicone Perfil Autoclave Horizontal <\/p>\n","protected":false},"excerpt":{"rendered":"Guarni\u00e7\u00e3o de Silicone Perfil Autoclave Horizontal<br> ","protected":false},"featured_media":2087,"template":"","meta":[],"product_cat":[115],"product_tag":[116],"class_list":{"0":"post-1830","1":"product","2":"type-product","3":"status-publish","4":"has-post-thumbnail","6":"product_cat-pecas-de-reposicao-para-autoclave","7":"product_tag-pecas-de-reposicao-para-autoclave","9":"first","10":"instock","11":"shipping-taxable","12":"product-type-simple"},"_links":{"self":[{"href":"https:\/\/fpmcmautoclaves.com.br\/index.php?rest_route=\/wp\/v2\/product\/1830","targetHints":{"allow":["GET"]}}],"collection":[{"href":"https:\/\/fpmcmautoclaves.com.br\/index.php?rest_route=\/wp\/v2\/product"}],"about":[{"href":"https:\/\/fpmcmautoclaves.com.br\/index.php?rest_route=\/wp\/v2\/types\/product"}],"wp:featuredmedia":[{"embeddable":true,"href":"https:\/\/fpmcmautoclaves.com.br\/index.php?rest_route=\/wp\/v2\/media\/2087"}],"wp:attachment":[{"href":"https:\/\/fpmcmautoclaves.com.br\/index.php?rest_route=%2Fwp%2Fv2%2Fmedia&parent=1830"}],"wp:term":[{"taxonomy":"product_cat","embeddable":true,"href":"https:\/\/fpmcmautoclaves.com.br\/index.php?rest_route=%2Fwp%2Fv2%2Fproduct_cat&post=1830"},{"taxonomy":"product_tag","embeddable":true,"href":"https:\/\/fpmcmautoclaves.com.br\/index.php?rest_route=%2Fwp%2Fv2%2Fproduct_tag&post=1830"}],"curies":[{"name":"wp","href":"https:\/\/api.w.org\/{rel}","templated":true}]}}