{"id":1822,"date":"2022-06-19T19:03:43","date_gmt":"2022-06-19T22:03:43","guid":{"rendered":"https:\/\/fpmcmautoclaves.com.br\/?post_type=product&#038;p=1822"},"modified":"2022-09-27T12:30:47","modified_gmt":"2022-09-27T15:30:47","slug":"autoclave-bracos-concentricos-painel-frontal","status":"publish","type":"product","link":"https:\/\/fpmcmautoclaves.com.br\/?product=autoclave-bracos-concentricos-painel-frontal","title":{"rendered":"Autoclave &#8211; Bra\u00e7os Conc\u00eantricos Painel Frontal"},"content":{"rendered":"<p><strong>Aplica\u00e7\u00e3o:<\/strong><br \/>\n\u2022 Para esteriliza\u00e7\u00e3o em hospitais, laborat\u00f3rios, ind\u00fastrias farmac\u00eauticas e aliment\u00edcias.<\/p>\n<p><strong>Qualidade:<br \/>\n<\/strong>\u2022 Projetada e fabricada conforme normas ASME e ABNT.<br \/>\n\u2022 Sistema de qualidade conforme norma ISO 9001:2000.<br \/>\n\u2022 C\u00e2mara interna e externa constru\u00eddas em a\u00e7o inoxid\u00e1vel AISI 316L com alta resist\u00eancia \u00e0 corros\u00e3o.<br \/>\n\u2022 Tubula\u00e7\u00e3o constru\u00edda totalmente em cobre e lat\u00e3o ou a\u00e7o inoxid\u00e1vel (opcional).<br \/>\n\u2022 Gerador de vapor el\u00e9trico incorporado ao equipamento, com pot\u00eancia em conformidade com as normas t\u00e9cnicas sub-item 4.4.11.6\/NBR 11.816.<br \/>\n\u2022 Gabinete com revestimento externo em chapa de a\u00e7o com pintura met\u00e1lica ou em chapa de a\u00e7o inox escovado (opcional).<\/p>\n<p><strong>Seguran\u00e7a:<br \/>\n<\/strong>\u2022 V\u00e1lvula de seguran\u00e7a mec\u00e2nica.<br \/>\n\u2022 V\u00e1lvula de seguran\u00e7a el\u00e9trica com acionamento autom\u00e1tico.<br \/>\n\u2022 Desligamento autom\u00e1tico do aparelho em caso de press\u00e3o excessiva.<br \/>\n\u2022 Travamento da porta: quando a c\u00e2mara estiver pressurizada e o n\u00edvel de temperatura estiver acima do limite de seguran\u00e7a.<br \/>\n\u2022 Inter travamento das portas impedindo abertura simult\u00e2nea.<br \/>\n\u2022 Barreira \u2013 2 portas.<br \/>\n\u2022 Sistema de controle de temperatura atrav\u00e9s de sensor PT-100.<br \/>\n\u2022 Versatilidade:<br \/>\n\u2022 V\u00e1cuo pulsante.<br \/>\n\u2022 Purgadores eletr\u00f4nicos auto limpantes para total elimina\u00e7\u00e3o de ar e condensado.<br \/>\n\u2022 Tempos program\u00e1veis.<br \/>\n\u2022 Temperatura entre 121\u00ba e 134\u00baC.<br \/>\n\u2022 Ciclo Bowie-Dick.<br \/>\n\u2022 Sistema de esteriliza\u00e7\u00e3o \u201cFLASH\u201d.<br \/>\n\u2022 Material embalado temperatura de 134\u00baC \u2013 10 minutos de esteriliza\u00e7\u00e3o.<br \/>\n\u2022 Temperatura de 121\u00baC \u2013 30 minutos de esteriliza\u00e7\u00e3o.<br \/>\n\u2022 Pode ser fornecido com 01 ou 02 portas para instala\u00e7\u00e3o em barreira sanit\u00e1ria.<br \/>\n\u2022 Sistema de Osmose Reversa incorporado no equipamento com reservat\u00f3rio interno (opcional).<br \/>\n\u2022 Tubula\u00e7\u00f5es, conex\u00f5es, dreno e v\u00e1lvulas.<\/p>\n<p><strong>Tradi\u00e7\u00e3o<\/strong><br \/>\nH\u00e1 30 anos fabricando Equipamentos Hospitalares de alta qualidade e tecnologia.<\/p>\n<p><strong>Importante<\/strong><br \/>\nA \u00e1gua utilizada no gerador de vapor do equipamento dever\u00e1 estar livre de minerais de qualquer esp\u00e9cie e de impurezas em suspens\u00e3o, evitando assim preju\u00edzos no equipamento tais como: resist\u00eancias, c\u00e2mara interna, gerador de vapor, al\u00e9m de evitar manchas e danos aos materiais instrumentais, utilizando \u00e1gua desmineralizada ou destilada.<\/p>\n<p>Nos modelos com 2 portas, acompanha chaparia em a\u00e7o inox 304, para acabamento e isolamento entre a alvenaria e o Autoclave.<\/p>\n<table border=\"0\" width=\"68%\" cellspacing=\"5\" cellpadding=\"3\" align=\"center\">\n<tbody>\n<tr>\n<td colspan=\"2\" valign=\"top\">Normas de Fabrica\u00e7\u00e3o<\/td>\n<\/tr>\n<tr bgcolor=\"#f2f2f2\">\n<td valign=\"top\" width=\"40%\"><strong>Nacionais<\/strong><br \/>\nNR-13 (Vaso de Press\u00e3o)<br \/>\nNBR-11816<br \/>\nNBR \u2013 ISO 11134<\/td>\n<td width=\"60%\"><strong>Internacionais<br \/>\n<\/strong>ISO-9000 \/ ISO 9001:2000<br \/>\nAISI<br \/>\nASME \u2013 Se\u00e7\u00e3o II parte A e D, V, VIII divis\u00e3o 1 e IX<br \/>\nDiretiva 93\/42<br \/>\nIEC 60601-1-2<\/td>\n<\/tr>\n<\/tbody>\n<\/table>\n<p class=\"txt_cinza\" align=\"center\"><strong>Alimenta\u00e7\u00e3o el\u00e9trica 220, 380 ou 440V \u2013 60 Hz<\/strong><\/p>\n<table class=\"txt_cinza\" border=\"0\" width=\"100%\" cellspacing=\"2\" cellpadding=\"3\" align=\"center\">\n<tbody>\n<tr>\n<td class=\"txt_azulclaro\" colspan=\"4\" align=\"center\">DADOS T\u00c9CNICOS<\/td>\n<\/tr>\n<tr bgcolor=\"#e2e2e2\">\n<td align=\"center\" width=\"200\"><strong>Dimens\u00f5es Externas<br \/>\n(L x A x P mm)<br \/>\n<\/strong><\/td>\n<td align=\"center\" width=\"194\"><strong>Dimens\u00f5es Internas<br \/>\n(L x A x P mm)<br \/>\n<\/strong><\/td>\n<td align=\"center\" width=\"98\"><strong>Capacidade<br \/>\n(L)<\/strong><\/td>\n<td align=\"center\" width=\"89\">\n<div align=\"center\"><strong>Portas<\/strong><\/div>\n<\/td>\n<\/tr>\n<tr align=\"center\" bgcolor=\"#f8f8f8\">\n<td width=\"200\">570 x 1600 x 1130<\/td>\n<td width=\"194\">300 x 300 x 600<\/td>\n<td width=\"98\">54<\/td>\n<td width=\"89\">01<\/td>\n<\/tr>\n<tr align=\"center\" bgcolor=\"#f8f8f8\">\n<td width=\"200\" height=\"14\">590 x 1600 x 1130<\/td>\n<td width=\"194\" height=\"14\">400 x 600<\/td>\n<td width=\"98\" height=\"14\">75<\/td>\n<td width=\"89\">01<\/td>\n<\/tr>\n<tr align=\"center\" bgcolor=\"#f8f8f8\">\n<td width=\"200\">690 x 1600 x 1130<\/td>\n<td width=\"194\">400 x 400 x 600<\/td>\n<td width=\"98\">96<\/td>\n<td width=\"89\">01<\/td>\n<\/tr>\n<tr align=\"center\" bgcolor=\"#f8f8f8\">\n<td width=\"200\">690 x 1600 x 1130<\/td>\n<td width=\"194\">400 x 400 x 600<\/td>\n<td width=\"98\">96<\/td>\n<td width=\"89\">02<\/td>\n<\/tr>\n<tr align=\"center\" bgcolor=\"#f8f8f8\">\n<td width=\"200\" height=\"10\">720 x 1700 x 1130<\/td>\n<td width=\"194\" height=\"10\">460 x 460 x 600<\/td>\n<td width=\"98\" height=\"10\">127<\/td>\n<td width=\"89\">01<\/td>\n<\/tr>\n<tr align=\"center\" bgcolor=\"#f8f8f8\">\n<td width=\"200\">720 x 1700 x 1390<\/td>\n<td width=\"194\">460 x 460 x 600<\/td>\n<td width=\"98\">127<\/td>\n<td width=\"89\">02<\/td>\n<\/tr>\n<tr align=\"center\" bgcolor=\"#f8f8f8\">\n<td width=\"200\">720 x 1700 x 1520<\/td>\n<td width=\"194\">460 x 460 x 950<\/td>\n<td width=\"98\">200<\/td>\n<td width=\"89\">01<\/td>\n<\/tr>\n<tr align=\"center\" bgcolor=\"#f8f8f8\">\n<td width=\"200\">720 x 1700 x 1720<\/td>\n<td width=\"194\">460 x 460 x 950<\/td>\n<td width=\"98\">200<\/td>\n<td width=\"89\">02<\/td>\n<\/tr>\n<tr align=\"center\" bgcolor=\"#f8f8f8\">\n<td width=\"200\">720 x 1700 x 1820<\/td>\n<td width=\"194\">460 x 460 x 1200<\/td>\n<td width=\"98\">254<\/td>\n<td width=\"89\">01<\/td>\n<\/tr>\n<tr align=\"center\" bgcolor=\"#f8f8f8\">\n<td width=\"200\">720 x 1700 x 2020<\/td>\n<td width=\"194\">460 x 460 x 1200<\/td>\n<td width=\"98\">254<\/td>\n<td width=\"89\">02<\/td>\n<\/tr>\n<tr align=\"center\" bgcolor=\"#f8f8f8\">\n<td width=\"200\">720 x 1800 x 1900<\/td>\n<td width=\"194\">460 x 660 x 1200<\/td>\n<td width=\"98\">365<\/td>\n<td width=\"89\">01<\/td>\n<\/tr>\n<tr align=\"center\" bgcolor=\"#f8f8f8\">\n<td width=\"200\" height=\"11\">720 x 1800 x 2020<\/td>\n<td width=\"194\" height=\"11\">460 x 660 x 1200<\/td>\n<td width=\"98\" height=\"11\">365<\/td>\n<td width=\"89\">02<\/td>\n<\/tr>\n<tr align=\"center\" bgcolor=\"#f8f8f8\">\n<td width=\"200\">720 x 1800 x 1970<\/td>\n<td width=\"194\">485 x 660 x 1200<\/td>\n<td width=\"98\">400<\/td>\n<td width=\"89\">01<\/td>\n<\/tr>\n<tr align=\"center\" bgcolor=\"#f8f8f8\">\n<td width=\"200\">720 x 1800 x 2090<\/td>\n<td width=\"194\">485 x 660 x 1200<\/td>\n<td width=\"98\">400<\/td>\n<td width=\"89\">02<\/td>\n<\/tr>\n<tr align=\"center\" bgcolor=\"#f8f8f8\">\n<td width=\"200\">920 x 1800 x 1920<\/td>\n<td width=\"194\">660 x 660 x 1200<\/td>\n<td width=\"98\">523<\/td>\n<td width=\"89\">01<\/td>\n<\/tr>\n<tr align=\"center\" bgcolor=\"#f8f8f8\">\n<td width=\"200\">920 x 1800 x 2020<\/td>\n<td width=\"194\">660 x 660 x 1200<\/td>\n<td width=\"98\">523<\/td>\n<td width=\"89\">02<\/td>\n<\/tr>\n<tr align=\"center\" bgcolor=\"#f8f8f8\">\n<td width=\"200\">890 x 1800 x 2180<\/td>\n<td width=\"194\">630 x 630 x 1510<\/td>\n<td width=\"98\">600<\/td>\n<td width=\"89\">01<\/td>\n<\/tr>\n<tr align=\"center\" bgcolor=\"#f8f8f8\">\n<td width=\"200\">890 x 1800 x 2280<\/td>\n<td width=\"194\">630 x 630 x 1510<\/td>\n<td width=\"98\">600<\/td>\n<td width=\"89\">02<\/td>\n<\/tr>\n<tr align=\"center\" bgcolor=\"#f8f8f8\">\n<td width=\"200\">890 x 1800 x 2420<\/td>\n<td width=\"194\">630 x 630 x 1750<\/td>\n<td width=\"98\">697<\/td>\n<td width=\"89\">01<\/td>\n<\/tr>\n<tr align=\"center\" bgcolor=\"#f8f8f8\">\n<td width=\"200\">890 x 1800 x 2520<\/td>\n<td width=\"194\">630 x 630 x 1750<\/td>\n<td width=\"98\">697<\/td>\n<td width=\"89\">02<\/td>\n<\/tr>\n<tr align=\"center\" bgcolor=\"#f8f8f8\">\n<td colspan=\"4\">\n<p align=\"left\">controles convencionais\u00a0\u00a0\u00a0\u00a0\u00a0\u00a0\u00a0\u00a0\u00a0\u00a0\u00a0\u00a0\u00a0\u00a0\u00a0\u00a0\u00a0\u00a0\u00a0\u00a0\u00a0\u00a0\u00a0\u00a0\u00a0\u00a0\u00a0\u00a0\u00a0\u00a0\u00a0\u00a0\u00a0\u00a0\u00a0\u00a0\u00a0\u00a0\u00a0\u00a0\u00a0\u00a0\u00a0\u00a0\u00a0\u00a0\u00a0\u00a0\u00a0\u00a0\u00a0\u00a0\u00a0\u00a0\u00a0\u00a0\u00a0\u00a0\u00a0\u00a0\u00a0\u00a0\u00a0\u00a0Medidas Externas M\u00e1ximas<\/p>\n<\/td>\n<\/tr>\n<\/tbody>\n<\/table>\n","protected":false},"excerpt":{"rendered":"Aplica\u00e7\u00e3o: \u2022 Para esteriliza\u00e7\u00e3o em hospitais, laborat\u00f3rios, ind\u00fastrias farmac\u00eauticas e aliment\u00edcias. Qualidade: \u2022 Projetada e fabricada conforme normas ASME e ABNT. \u2022 Sistema de qualidade conforme norma ISO 9001:2000. \u2022 C\u00e2mara interna e externa constru\u00eddas em a\u00e7o inoxid\u00e1vel AISI 316L com alta resist\u00eancia \u00e0 corros\u00e3o. \u2022 Tubula\u00e7\u00e3o constru\u00edda totalmente em cobre e lat\u00e3o ou a\u00e7o&#8230;","protected":false},"featured_media":2057,"template":"","meta":[],"product_cat":[109],"product_tag":[110],"class_list":{"0":"post-1822","1":"product","2":"type-product","3":"status-publish","4":"has-post-thumbnail","6":"product_cat-autoclaves","7":"product_tag-autoclaves","9":"first","10":"instock","11":"shipping-taxable","12":"product-type-simple"},"_links":{"self":[{"href":"https:\/\/fpmcmautoclaves.com.br\/index.php?rest_route=\/wp\/v2\/product\/1822","targetHints":{"allow":["GET"]}}],"collection":[{"href":"https:\/\/fpmcmautoclaves.com.br\/index.php?rest_route=\/wp\/v2\/product"}],"about":[{"href":"https:\/\/fpmcmautoclaves.com.br\/index.php?rest_route=\/wp\/v2\/types\/product"}],"wp:featuredmedia":[{"embeddable":true,"href":"https:\/\/fpmcmautoclaves.com.br\/index.php?rest_route=\/wp\/v2\/media\/2057"}],"wp:attachment":[{"href":"https:\/\/fpmcmautoclaves.com.br\/index.php?rest_route=%2Fwp%2Fv2%2Fmedia&parent=1822"}],"wp:term":[{"taxonomy":"product_cat","embeddable":true,"href":"https:\/\/fpmcmautoclaves.com.br\/index.php?rest_route=%2Fwp%2Fv2%2Fproduct_cat&post=1822"},{"taxonomy":"product_tag","embeddable":true,"href":"https:\/\/fpmcmautoclaves.com.br\/index.php?rest_route=%2Fwp%2Fv2%2Fproduct_tag&post=1822"}],"curies":[{"name":"wp","href":"https:\/\/api.w.org\/{rel}","templated":true}]}}