{"id":421,"date":"2019-04-05T05:02:36","date_gmt":"2019-04-05T05:02:36","guid":{"rendered":"https:\/\/victorthemes.com\/themes\/windfall\/?page_id=421"},"modified":"2025-04-03T11:26:12","modified_gmt":"2025-04-03T14:26:12","slug":"servicos","status":"publish","type":"page","link":"https:\/\/fpmcmautoclaves.com.br\/?page_id=421","title":{"rendered":"Servi\u00e7os"},"content":{"rendered":"\t\t<div data-elementor-type=\"wp-post\" data-elementor-id=\"421\" class=\"elementor elementor-421\">\n\t\t\t\t\t\t<section class=\"elementor-section elementor-top-section elementor-element elementor-element-ba8d413 elementor-section-stretched elementor-section-full_width elementor-section-height-default elementor-section-height-default\" data-id=\"ba8d413\" data-element_type=\"section\" data-settings=\"{&quot;stretch_section&quot;:&quot;section-stretched&quot;,&quot;background_background&quot;:&quot;classic&quot;}\">\n\t\t\t\t\t\t\t<div class=\"elementor-background-overlay\"><\/div>\n\t\t\t\t\t\t\t<div class=\"elementor-container elementor-column-gap-default\">\n\t\t\t\t\t<div class=\"elementor-column elementor-col-100 elementor-top-column elementor-element elementor-element-6528b39\" data-id=\"6528b39\" data-element_type=\"column\">\n\t\t\t<div class=\"elementor-widget-wrap elementor-element-populated\">\n\t\t\t\t\t\t<div class=\"elementor-element elementor-element-f010ca5 elementor-widget elementor-widget-vt-windfall_section_title\" data-id=\"f010ca5\" data-element_type=\"widget\" data-widget_type=\"vt-windfall_section_title.default\">\n\t\t\t\t<div class=\"elementor-widget-container\">\n\t\t\t<div class=\"section-title-wrap  wndfal-sectTitleElementor \"><h2 class=\"section-title\">FPMCM Autoclaves<\/h2><p>Mant\u00e9m equipe de profissionais experientes, que garantem uma total seguran\u00e7a e garantia em nossos servi\u00e7os.\n<\/p><\/div>\t\t<\/div>\n\t\t\t\t<\/div>\n\t\t\t\t<section class=\"elementor-section elementor-inner-section elementor-element elementor-element-ca20ddc elementor-section-boxed elementor-section-height-default elementor-section-height-default\" data-id=\"ca20ddc\" data-element_type=\"section\">\n\t\t\t\t\t\t<div class=\"elementor-container elementor-column-gap-default\">\n\t\t\t\t\t<div class=\"elementor-column elementor-col-50 elementor-inner-column elementor-element elementor-element-fc908d4\" data-id=\"fc908d4\" data-element_type=\"column\">\n\t\t\t<div class=\"elementor-widget-wrap elementor-element-populated\">\n\t\t\t\t\t\t<div class=\"elementor-element elementor-element-755f270 elementor-widget elementor-widget-heading\" data-id=\"755f270\" data-element_type=\"widget\" data-widget_type=\"heading.default\">\n\t\t\t\t<div class=\"elementor-widget-container\">\n\t\t\t<style>\/*! elementor - v3.19.0 - 28-02-2024 *\/\n.elementor-heading-title{padding:0;margin:0;line-height:1}.elementor-widget-heading .elementor-heading-title[class*=elementor-size-]>a{color:inherit;font-size:inherit;line-height:inherit}.elementor-widget-heading .elementor-heading-title.elementor-size-small{font-size:15px}.elementor-widget-heading .elementor-heading-title.elementor-size-medium{font-size:19px}.elementor-widget-heading .elementor-heading-title.elementor-size-large{font-size:29px}.elementor-widget-heading .elementor-heading-title.elementor-size-xl{font-size:39px}.elementor-widget-heading .elementor-heading-title.elementor-size-xxl{font-size:59px}<\/style><h3 class=\"elementor-heading-title elementor-size-default\">Nossos Servi\u00e7os<\/h3>\t\t<\/div>\n\t\t\t\t<\/div>\n\t\t\t\t<div class=\"elementor-element elementor-element-6b7abe3 elementor-widget elementor-widget-vt-windfall_list\" data-id=\"6b7abe3\" data-element_type=\"widget\" data-widget_type=\"vt-windfall_list.default\">\n\t\t\t\t<div class=\"elementor-widget-container\">\n\t\t\t<ul class=\"bullet-list\"><li><a href=\"#0\"  >Reformas e Automa\u00e7\u00e3o de Autoclaves e Estufas;<\/a><\/li><li><a href=\"#0\"  >Manuten\u00e7\u00e3o T\u00e9cnica Preventiva e Corretiva;<\/a><\/li><li><a href=\"#0\"  >Conserto de Bombas de V\u00e1cuo;<\/a><\/li><\/ul>\t\t<\/div>\n\t\t\t\t<\/div>\n\t\t\t\t\t<\/div>\n\t\t<\/div>\n\t\t\t\t<div class=\"elementor-column elementor-col-50 elementor-inner-column elementor-element elementor-element-1d5f76b\" data-id=\"1d5f76b\" data-element_type=\"column\">\n\t\t\t<div class=\"elementor-widget-wrap elementor-element-populated\">\n\t\t\t\t\t\t<div class=\"elementor-element elementor-element-eeb3f3f elementor-widget elementor-widget-heading\" data-id=\"eeb3f3f\" data-element_type=\"widget\" data-widget_type=\"heading.default\">\n\t\t\t\t<div class=\"elementor-widget-container\">\n\t\t\t<h3 class=\"elementor-heading-title elementor-size-default\">Servi\u00e7os Terceirizados<\/h3>\t\t<\/div>\n\t\t\t\t<\/div>\n\t\t\t\t<div class=\"elementor-element elementor-element-995f75f elementor-widget elementor-widget-vt-windfall_list\" data-id=\"995f75f\" data-element_type=\"widget\" data-widget_type=\"vt-windfall_list.default\">\n\t\t\t\t<div class=\"elementor-widget-container\">\n\t\t\t<ul class=\"bullet-list\"><li><a href=\"#0\"  >Testes Hidrost\u00e1ticos;<\/a><\/li><li><a href=\"#0\"  >Aferi\u00e7\u00e3o de Instrumentos ;<\/a><\/li><li><a href=\"#0\"  >Qualifica\u00e7\u00e3o T\u00e9rmica;<\/a><\/li><\/ul>\t\t<\/div>\n\t\t\t\t<\/div>\n\t\t\t\t\t<\/div>\n\t\t<\/div>\n\t\t\t\t\t<\/div>\n\t\t<\/section>\n\t\t\t\t\t<\/div>\n\t\t<\/div>\n\t\t\t\t\t<\/div>\n\t\t<\/section>\n\t\t\t\t<section class=\"elementor-section elementor-top-section elementor-element elementor-element-4eb46d3 elementor-section-full_width elementor-section-height-default elementor-section-height-default\" data-id=\"4eb46d3\" data-element_type=\"section\">\n\t\t\t\t\t\t<div class=\"elementor-container elementor-column-gap-default\">\n\t\t\t\t\t<div class=\"elementor-column elementor-col-66 elementor-top-column elementor-element elementor-element-f0540ac\" data-id=\"f0540ac\" data-element_type=\"column\">\n\t\t\t<div class=\"elementor-widget-wrap elementor-element-populated\">\n\t\t\t\t\t\t<div class=\"elementor-element elementor-element-1e03c54 elementor-widget elementor-widget-vt-windfall_section_title\" data-id=\"1e03c54\" data-element_type=\"widget\" data-widget_type=\"vt-windfall_section_title.default\">\n\t\t\t\t<div class=\"elementor-widget-container\">\n\t\t\t<div class=\"section-title-wrap section-left-align wndfal-sectTitleElementor \"><h2 class=\"section-title\">Autoclaves verticais e Horizontais<\/h2><p>Servi\u00e7os de Manuten\u00e7\u00e3o e venda de equipamentos<\/p><\/div>\t\t<\/div>\n\t\t\t\t<\/div>\n\t\t\t\t<div class=\"elementor-element elementor-element-9415813 elementor-widget elementor-widget-vt-windfall_features\" data-id=\"9415813\" data-element_type=\"widget\" data-settings=\"{&quot;features_align&quot;:&quot;left&quot;}\" data-widget_type=\"vt-windfall_features.default\">\n\t\t\t\t<div class=\"elementor-widget-container\">\n\t\t\t<div class=\"wndfal-features features-style-two\"><div class=\"container\"><div class=\"row\"><div class=\"col-lg-6 col-md-6\">\n\t\t\t\t\t\t\t\t\t\t  <div class=\"feature-item\">\n\t\t\t\t\t\t\t\t\t\t     <div class=\"wndfal-icon\"><i class=\"fa fa-arrow-circle-right\" aria-hidden=\"true\"><\/i><\/div>\n\t\t\t\t\t\t\t\t\t\t    <div class=\"feature-info\">\n\t\t\t\t\t\t\t\t\t\t      <h3 class=\"feature-title\"><a href=\"#0\"  >Pe\u00e7as e Acess\u00f3rios<\/a><\/h3><p> V\u00e1lvulas Solenoides, Man\u00f4metros, Guarni\u00e7\u00e3o de Silicone, Membrana de Silicone, Transmissor de Press\u00e3o, Fita para impressora,  Microcontroladores e Resist\u00eancias<\/p>\n\t\t\t\t\t\t\t\t\t\t    <\/div>\n\t\t\t\t\t\t\t\t\t\t  <\/div>\n\t\t\t\t\t\t\t\t\t\t<\/div><div class=\"col-lg-6 col-md-6\">\n\t\t\t\t\t\t\t\t\t\t  <div class=\"feature-item\">\n\t\t\t\t\t\t\t\t\t\t     <div class=\"wndfal-icon\"><i class=\"fa fa-arrow-circle-right\" aria-hidden=\"true\"><\/i><\/div>\n\t\t\t\t\t\t\t\t\t\t    <div class=\"feature-info\">\n\t\t\t\t\t\t\t\t\t\t      <h3 class=\"feature-title\"><a href=\"#0\"  >Manuten\u00e7\u00e3o T\u00e9cnica Preventiva e Corretiva;<\/a><\/h3><p>Para garantir este o funcionamento \u00e9 essencial sua manuten\u00e7\u00e3o preventiva que \u00e9 um processo realizado que identifica as falhas no processo de esteriliza\u00e7\u00e3o antes de comprometer o trabalho executado<\/p>\n\t\t\t\t\t\t\t\t\t\t    <\/div>\n\t\t\t\t\t\t\t\t\t\t  <\/div>\n\t\t\t\t\t\t\t\t\t\t<\/div><div class=\"col-lg-6 col-md-6\">\n\t\t\t\t\t\t\t\t\t\t  <div class=\"feature-item\">\n\t\t\t\t\t\t\t\t\t\t     <div class=\"wndfal-icon\"><i class=\"fa fa-arrow-circle-right\" aria-hidden=\"true\"><\/i><\/div>\n\t\t\t\t\t\t\t\t\t\t    <div class=\"feature-info\">\n\t\t\t\t\t\t\t\t\t\t      <h3 class=\"feature-title\"><a href=\"#0\"  >Bombas V\u00e1cuo<\/a><\/h3><p>Comercializamos bombas de v\u00e1cuo com menor custo e benef\u00edcio para a \u00e1rea hospitalar, aliment\u00edcio, laboratorial entre outros<\/p>\n\t\t\t\t\t\t\t\t\t\t    <\/div>\n\t\t\t\t\t\t\t\t\t\t  <\/div>\n\t\t\t\t\t\t\t\t\t\t<\/div><div class=\"col-lg-6 col-md-6\">\n\t\t\t\t\t\t\t\t\t\t  <div class=\"feature-item\">\n\t\t\t\t\t\t\t\t\t\t     <div class=\"wndfal-icon\"><i class=\"fa fa-arrow-circle-right\" aria-hidden=\"true\"><\/i><\/div>\n\t\t\t\t\t\t\t\t\t\t    <div class=\"feature-info\">\n\t\t\t\t\t\t\t\t\t\t      <h3 class=\"feature-title\"><a href=\"#0\"  >Controladores<\/a><\/h3><p>A Solu\u00e7\u00e3o para a sua autoclave, trabalhamos com diversos controladores para adequar com os equipamentos de marcas nacionais<\/p>\n\t\t\t\t\t\t\t\t\t\t    <\/div>\n\t\t\t\t\t\t\t\t\t\t  <\/div>\n\t\t\t\t\t\t\t\t\t\t<\/div><\/div><\/div><\/div>\t\t<\/div>\n\t\t\t\t<\/div>\n\t\t\t\t\t<\/div>\n\t\t<\/div>\n\t\t\t\t<div class=\"elementor-column elementor-col-33 elementor-top-column elementor-element elementor-element-4fb5db4\" data-id=\"4fb5db4\" data-element_type=\"column\">\n\t\t\t<div class=\"elementor-widget-wrap elementor-element-populated\">\n\t\t\t\t\t\t<div class=\"elementor-element elementor-element-0f7cf36 elementor-widget elementor-widget-vt-windfall_contact_form\" data-id=\"0f7cf36\" data-element_type=\"widget\" data-widget_type=\"vt-windfall_contact_form.default\">\n\t\t\t\t<div class=\"elementor-widget-container\">\n\t\t\t<div class=\" appointment-form wndfal-cntat-form wndfal-form\"><h3 class=\"appointment-title\">Solicite uma manuten\u00e7\u00e3o<\/h3>\n<div class=\"wpcf7 no-js\" id=\"wpcf7-f285-o1\" lang=\"en-US\" dir=\"ltr\">\n<div class=\"screen-reader-response\"><p role=\"status\" aria-live=\"polite\" aria-atomic=\"true\"><\/p> <ul><\/ul><\/div>\n<form action=\"\/index.php?rest_route=%2Fwp%2Fv2%2Fpages%2F421#wpcf7-f285-o1\" method=\"post\" class=\"wpcf7-form init\" aria-label=\"Contact form\" novalidate=\"novalidate\" data-status=\"init\">\n<div style=\"display: none;\">\n<input type=\"hidden\" name=\"_wpcf7\" value=\"285\" \/>\n<input type=\"hidden\" name=\"_wpcf7_version\" value=\"5.8.7\" \/>\n<input type=\"hidden\" name=\"_wpcf7_locale\" value=\"en_US\" \/>\n<input type=\"hidden\" name=\"_wpcf7_unit_tag\" value=\"wpcf7-f285-o1\" \/>\n<input type=\"hidden\" name=\"_wpcf7_container_post\" value=\"0\" \/>\n<input type=\"hidden\" name=\"_wpcf7_posted_data_hash\" value=\"\" \/>\n<\/div>\n<div class=\"wndfal-request\">\n\t<div class=\"row\">\n\t\t<div class=\"col-md-6\">\n\t\t\t<p><span class=\"wpcf7-form-control-wrap\" data-name=\"your-name\"><input size=\"40\" class=\"wpcf7-form-control wpcf7-text wpcf7-validates-as-required\" aria-required=\"true\" aria-invalid=\"false\" placeholder=\"Nome\" value=\"\" type=\"text\" name=\"your-name\" \/><\/span>\n\t\t\t<\/p>\n\t\t<\/div>\n\t\t<div class=\"col-md-6\">\n\t\t\t<p><span class=\"wpcf7-form-control-wrap\" data-name=\"your-email\"><input size=\"40\" class=\"wpcf7-form-control wpcf7-email wpcf7-validates-as-required wpcf7-text wpcf7-validates-as-email\" aria-required=\"true\" aria-invalid=\"false\" placeholder=\"E-mail\" value=\"\" type=\"email\" name=\"your-email\" \/><\/span>\n\t\t\t<\/p>\n\t\t<\/div>\n\t\t<div class=\"col-md-12\">\n\t\t\t<p><span class=\"wpcf7-form-control-wrap\" data-name=\"tel-593\"><input size=\"40\" class=\"wpcf7-form-control wpcf7-tel wpcf7-text wpcf7-validates-as-tel\" aria-invalid=\"false\" placeholder=\"Telefone\" value=\"\" type=\"tel\" name=\"tel-593\" \/><\/span>\n\t\t\t<\/p>\n\t\t<\/div>\n\t\t<div class=\"col-md-12\">\n\t\t\t<p><span class=\"wpcf7-form-control-wrap\" data-name=\"your-message\"><textarea cols=\"40\" rows=\"10\" class=\"wpcf7-form-control wpcf7-textarea\" aria-invalid=\"false\" placeholder=\"Solicita\u00e7\u00e3o\" name=\"your-message\"><\/textarea><\/span>\n\t\t\t<\/p>\n\t\t<\/div>\n\t\t<div class=\"col-md-12 textright\">\n\t\t\t<p><input class=\"wpcf7-form-control wpcf7-submit has-spinner\" type=\"submit\" value=\"Enviar\" \/>\n\t\t\t<\/p>\n\t\t<\/div>\n\t<\/div>\n<\/div><div class=\"wpcf7-response-output\" aria-hidden=\"true\"><\/div>\n<\/form>\n<\/div>\n<\/div>\t\t<\/div>\n\t\t\t\t<\/div>\n\t\t\t\t\t<\/div>\n\t\t<\/div>\n\t\t\t\t\t<\/div>\n\t\t<\/section>\n\t\t\t\t<section class=\"elementor-section elementor-top-section elementor-element elementor-element-d3f5f24 elementor-section-boxed elementor-section-height-default elementor-section-height-default\" data-id=\"d3f5f24\" data-element_type=\"section\">\n\t\t\t\t\t\t<div class=\"elementor-container elementor-column-gap-default\">\n\t\t\t\t\t<div class=\"elementor-column elementor-col-100 elementor-top-column elementor-element elementor-element-beee2f8\" data-id=\"beee2f8\" data-element_type=\"column\">\n\t\t\t<div class=\"elementor-widget-wrap elementor-element-populated\">\n\t\t\t\t\t\t<div class=\"elementor-element elementor-element-29eea89 elementor-view-stacked elementor-widget__width-initial elementor-fixed elementor-shape-circle elementor-widget elementor-widget-icon\" data-id=\"29eea89\" data-element_type=\"widget\" data-settings=\"{&quot;_position&quot;:&quot;fixed&quot;,&quot;_animation&quot;:&quot;none&quot;}\" data-widget_type=\"icon.default\">\n\t\t\t\t<div class=\"elementor-widget-container\">\n\t\t\t\t\t<div class=\"elementor-icon-wrapper\">\n\t\t\t<a class=\"elementor-icon elementor-animation-pulse\" href=\"https:\/\/api.whatsapp.com\/send?phone=5511992910749\" target=\"_blank\">\n\t\t\t<i aria-hidden=\"true\" class=\"fab fa-whatsapp\"><\/i>\t\t\t<\/a>\n\t\t<\/div>\n\t\t\t\t<\/div>\n\t\t\t\t<\/div>\n\t\t\t\t\t<\/div>\n\t\t<\/div>\n\t\t\t\t\t<\/div>\n\t\t<\/section>\n\t\t\t\t<\/div>\n\t\t","protected":false},"excerpt":{"rendered":"FPMCM Autoclaves Mant\u00e9m equipe de profissionais experientes, que garantem uma total seguran\u00e7a e garantia em nossos servi\u00e7os. Nossos Servi\u00e7os Reformas e Automa\u00e7\u00e3o de Autoclaves e Estufas; Manuten\u00e7\u00e3o T\u00e9cnica Preventiva e Corretiva; Conserto de Bombas de V\u00e1cuo; Servi\u00e7os Terceirizados Testes Hidrost\u00e1ticos; Aferi\u00e7\u00e3o de Instrumentos ; Qualifica\u00e7\u00e3o T\u00e9rmica; Autoclaves verticais e Horizontais Servi\u00e7os de Manuten\u00e7\u00e3o e venda&#8230;","protected":false},"author":1,"featured_media":0,"parent":0,"menu_order":0,"comment_status":"closed","ping_status":"closed","template":"","meta":{"footnotes":""},"class_list":["post-421","page","type-page","status-publish","hentry"],"_links":{"self":[{"href":"https:\/\/fpmcmautoclaves.com.br\/index.php?rest_route=\/wp\/v2\/pages\/421","targetHints":{"allow":["GET"]}}],"collection":[{"href":"https:\/\/fpmcmautoclaves.com.br\/index.php?rest_route=\/wp\/v2\/pages"}],"about":[{"href":"https:\/\/fpmcmautoclaves.com.br\/index.php?rest_route=\/wp\/v2\/types\/page"}],"author":[{"embeddable":true,"href":"https:\/\/fpmcmautoclaves.com.br\/index.php?rest_route=\/wp\/v2\/users\/1"}],"replies":[{"embeddable":true,"href":"https:\/\/fpmcmautoclaves.com.br\/index.php?rest_route=%2Fwp%2Fv2%2Fcomments&post=421"}],"version-history":[{"count":20,"href":"https:\/\/fpmcmautoclaves.com.br\/index.php?rest_route=\/wp\/v2\/pages\/421\/revisions"}],"predecessor-version":[{"id":2143,"href":"https:\/\/fpmcmautoclaves.com.br\/index.php?rest_route=\/wp\/v2\/pages\/421\/revisions\/2143"}],"wp:attachment":[{"href":"https:\/\/fpmcmautoclaves.com.br\/index.php?rest_route=%2Fwp%2Fv2%2Fmedia&parent=421"}],"curies":[{"name":"wp","href":"https:\/\/api.w.org\/{rel}","templated":true}]}}