{"id":329,"date":"2019-04-04T06:41:59","date_gmt":"2019-04-04T06:41:59","guid":{"rendered":"https:\/\/victorthemes.com\/themes\/windfall\/?page_id=329"},"modified":"2022-05-09T00:49:19","modified_gmt":"2022-05-09T03:49:19","slug":"quem-somos","status":"publish","type":"page","link":"https:\/\/fpmcmautoclaves.com.br\/?page_id=329","title":{"rendered":"Quem Somos"},"content":{"rendered":"\t\t<div data-elementor-type=\"wp-post\" data-elementor-id=\"329\" class=\"elementor elementor-329\">\n\t\t\t\t\t\t<section class=\"elementor-section elementor-top-section elementor-element elementor-element-9937da2 elementor-section-full_width elementor-section-height-default elementor-section-height-default\" data-id=\"9937da2\" data-element_type=\"section\">\n\t\t\t\t\t\t<div class=\"elementor-container elementor-column-gap-default\">\n\t\t\t\t\t<div class=\"elementor-column elementor-col-50 elementor-top-column elementor-element elementor-element-dc43839\" data-id=\"dc43839\" data-element_type=\"column\">\n\t\t\t<div class=\"elementor-widget-wrap elementor-element-populated\">\n\t\t\t\t\t\t<div class=\"elementor-element elementor-element-685d854 elementor-widget elementor-widget-image\" data-id=\"685d854\" data-element_type=\"widget\" data-widget_type=\"image.default\">\n\t\t\t\t<div class=\"elementor-widget-container\">\n\t\t\t<style>\/*! elementor - v3.19.0 - 28-02-2024 *\/\n.elementor-widget-image{text-align:center}.elementor-widget-image a{display:inline-block}.elementor-widget-image a img[src$=\".svg\"]{width:48px}.elementor-widget-image img{vertical-align:middle;display:inline-block}<\/style>\t\t\t\t\t\t\t\t\t\t<img fetchpriority=\"high\" decoding=\"async\" width=\"828\" height=\"490\" src=\"https:\/\/fpmcmautoclaves.com.br\/wp-content\/uploads\/2021\/10\/img_empresa-1.webp\" class=\"attachment-large size-large wp-image-1474\" alt=\"\" srcset=\"https:\/\/fpmcmautoclaves.com.br\/wp-content\/uploads\/2021\/10\/img_empresa-1.webp 828w, https:\/\/fpmcmautoclaves.com.br\/wp-content\/uploads\/2021\/10\/img_empresa-1-600x355.webp 600w, https:\/\/fpmcmautoclaves.com.br\/wp-content\/uploads\/2021\/10\/img_empresa-1-300x178.webp 300w, https:\/\/fpmcmautoclaves.com.br\/wp-content\/uploads\/2021\/10\/img_empresa-1-768x454.webp 768w\" sizes=\"(max-width: 828px) 100vw, 828px\" \/>\t\t\t\t\t\t\t\t\t\t\t\t\t<\/div>\n\t\t\t\t<\/div>\n\t\t\t\t\t<\/div>\n\t\t<\/div>\n\t\t\t\t<div class=\"elementor-column elementor-col-50 elementor-top-column elementor-element elementor-element-530b525\" data-id=\"530b525\" data-element_type=\"column\">\n\t\t\t<div class=\"elementor-widget-wrap elementor-element-populated\">\n\t\t\t\t\t\t<div class=\"elementor-element elementor-element-9d79480 elementor-widget elementor-widget-heading\" data-id=\"9d79480\" data-element_type=\"widget\" data-widget_type=\"heading.default\">\n\t\t\t\t<div class=\"elementor-widget-container\">\n\t\t\t<style>\/*! elementor - v3.19.0 - 28-02-2024 *\/\n.elementor-heading-title{padding:0;margin:0;line-height:1}.elementor-widget-heading .elementor-heading-title[class*=elementor-size-]>a{color:inherit;font-size:inherit;line-height:inherit}.elementor-widget-heading .elementor-heading-title.elementor-size-small{font-size:15px}.elementor-widget-heading .elementor-heading-title.elementor-size-medium{font-size:19px}.elementor-widget-heading .elementor-heading-title.elementor-size-large{font-size:29px}.elementor-widget-heading .elementor-heading-title.elementor-size-xl{font-size:39px}.elementor-widget-heading .elementor-heading-title.elementor-size-xxl{font-size:59px}<\/style><h2 class=\"elementor-heading-title elementor-size-default\">Bem-vindo a FP MCM Autoclaves<\/h2>\t\t<\/div>\n\t\t\t\t<\/div>\n\t\t\t\t<div class=\"elementor-element elementor-element-1af578e elementor-widget elementor-widget-heading\" data-id=\"1af578e\" data-element_type=\"widget\" data-widget_type=\"heading.default\">\n\t\t\t\t<div class=\"elementor-widget-container\">\n\t\t\t<h1 class=\"elementor-heading-title elementor-size-default\">\u201cA FP MCM Autoclave e Wilson Autoclaves est\u00e3o atuando juntas no mercado, fortalecendo o ramo de manuten\u00e7\u00e3o preventiva, corretiva, automa\u00e7\u00e3o, reforma, vendas de autoclaves e acess\u00f3rios\u201d.<\/h1>\t\t<\/div>\n\t\t\t\t<\/div>\n\t\t\t\t<div class=\"elementor-element elementor-element-a21cb89 elementor-widget elementor-widget-text-editor\" data-id=\"a21cb89\" data-element_type=\"widget\" data-widget_type=\"text-editor.default\">\n\t\t\t\t<div class=\"elementor-widget-container\">\n\t\t\t<style>\/*! elementor - v3.19.0 - 28-02-2024 *\/\n.elementor-widget-text-editor.elementor-drop-cap-view-stacked .elementor-drop-cap{background-color:#69727d;color:#fff}.elementor-widget-text-editor.elementor-drop-cap-view-framed .elementor-drop-cap{color:#69727d;border:3px solid;background-color:transparent}.elementor-widget-text-editor:not(.elementor-drop-cap-view-default) .elementor-drop-cap{margin-top:8px}.elementor-widget-text-editor:not(.elementor-drop-cap-view-default) .elementor-drop-cap-letter{width:1em;height:1em}.elementor-widget-text-editor .elementor-drop-cap{float:left;text-align:center;line-height:1;font-size:50px}.elementor-widget-text-editor .elementor-drop-cap-letter{display:inline-block}<\/style>\t\t\t\t<p style=\"color: #666666; font-family: Roboto, Helvetica, sans-serif; font-size: 14px; text-align: justify;\"><br \/>Com a experi\u00eancia acumulada de anos, temos a miss\u00e3o de garantir a satisfa\u00e7\u00e3o de nossos clientes e colaboradores.<br \/><br \/>Atendemos laborat\u00f3rios, CME, lact\u00e1rios, Clinicas, Industrias, Produtores de cogumelos e flores, etc..\u00a0\u00a0 toda atividade que possuam autoclaves de marcas nacional como: Prismatec, Fabbe Primar, Ortosintese, Baumer, Sercon, Phoenix, Luferco, Santa Luzia, Onix, Lutz Ferrando, Baumer&#8230;<br \/><br \/>Qualidade no atendimento e agilidade \u00e9 o nosso diferencial que atende todas as necessidades de um cliente exigente, sempre com o objetivo de aprimoramento para atender e superar as expectativas.<br \/><br \/>\u00a0A\u00a0<strong>FP MCM Autoclave e Wilson Autoclaves<\/strong>\u00a0\u00e9 uma empresa familiar sempre trabalhando com respeito e seriedade, compromisso com a sa\u00fade&#8230;<\/p><p><span style=\"color: #666666; font-family: Roboto, Helvetica, sans-serif; font-size: 14px; text-align: justify;\">Temos a pol\u00edtica de cumprir cada vez melhor a miss\u00e3o de garantir requisitos e a satisfa\u00e7\u00e3o de nossos clientes e colaboradores e com o profundo respeito ao ser humano.<\/span><\/p><p style=\"color: #666666; font-family: Roboto, Helvetica, sans-serif; font-size: 14px; text-align: justify;\">Nossa equipe \u00e9 composta por profissionais na \u00e1rea hospitalar e laboratorial.<\/p><p style=\"color: #666666; font-family: Roboto, Helvetica, sans-serif; font-size: 14px; text-align: justify;\"><strong>Nosso Lema \u00e9 respeito e seriedade, compromisso com a sa\u00fade.<\/strong><\/p>\t\t\t\t\t\t<\/div>\n\t\t\t\t<\/div>\n\t\t\t\t\t<\/div>\n\t\t<\/div>\n\t\t\t\t\t<\/div>\n\t\t<\/section>\n\t\t\t\t<section class=\"elementor-section elementor-top-section elementor-element elementor-element-4f2bcb2 elementor-section-stretched elementor-section-full_width elementor-section-height-default elementor-section-height-default\" data-id=\"4f2bcb2\" data-element_type=\"section\" data-settings=\"{&quot;stretch_section&quot;:&quot;section-stretched&quot;,&quot;background_background&quot;:&quot;classic&quot;}\">\n\t\t\t\t\t\t<div class=\"elementor-container elementor-column-gap-default\">\n\t\t\t\t\t<div class=\"elementor-column elementor-col-100 elementor-top-column elementor-element elementor-element-e83ae5e\" data-id=\"e83ae5e\" data-element_type=\"column\">\n\t\t\t<div class=\"elementor-widget-wrap elementor-element-populated\">\n\t\t\t\t\t\t<div class=\"elementor-element elementor-element-f7699ce elementor-widget elementor-widget-vt-windfall_section_title\" data-id=\"f7699ce\" data-element_type=\"widget\" data-widget_type=\"vt-windfall_section_title.default\">\n\t\t\t\t<div class=\"elementor-widget-container\">\n\t\t\t<div class=\"section-title-wrap  wndfal-sectTitleElementor \"><h2 class=\"section-title\">Autoclaves verticais e Horizontais<\/h2><p>Servi\u00e7os de Manuten\u00e7\u00e3o e venda de equipamentos<\/p><\/div>\t\t<\/div>\n\t\t\t\t<\/div>\n\t\t\t\t<div class=\"elementor-element elementor-element-41db91d elementor-widget elementor-widget-vt-windfall_features\" data-id=\"41db91d\" data-element_type=\"widget\" data-settings=\"{&quot;features_align&quot;:&quot;left&quot;}\" data-widget_type=\"vt-windfall_features.default\">\n\t\t\t\t<div class=\"elementor-widget-container\">\n\t\t\t<div class=\"wndfal-features features-style-two\"><div class=\"container\"><div class=\"row\"><div class=\"col-lg-6 col-md-6\">\n\t\t\t\t\t\t\t\t\t\t  <div class=\"feature-item\">\n\t\t\t\t\t\t\t\t\t\t     <div class=\"wndfal-icon\"><i class=\"ti-timer\" aria-hidden=\"true\"><\/i><\/div>\n\t\t\t\t\t\t\t\t\t\t    <div class=\"feature-info\">\n\t\t\t\t\t\t\t\t\t\t      <h3 class=\"feature-title\"><a href=\"#0\"  >Pe\u00e7as e Acess\u00f3rios<\/a><\/h3><p> V\u00e1lvulas Solenoides, Man\u00f4metros, Guarni\u00e7\u00e3o de Silicone, Membrana de Silicone, Transmissor de Press\u00e3o, Fita para impressora,  Microcontroladores e Resist\u00eancias<\/p>\n\t\t\t\t\t\t\t\t\t\t    <\/div>\n\t\t\t\t\t\t\t\t\t\t  <\/div>\n\t\t\t\t\t\t\t\t\t\t<\/div><div class=\"col-lg-6 col-md-6\">\n\t\t\t\t\t\t\t\t\t\t  <div class=\"feature-item\">\n\t\t\t\t\t\t\t\t\t\t     <div class=\"wndfal-icon\"><i class=\"ti-wallet\" aria-hidden=\"true\"><\/i><\/div>\n\t\t\t\t\t\t\t\t\t\t    <div class=\"feature-info\">\n\t\t\t\t\t\t\t\t\t\t      <h3 class=\"feature-title\"><a href=\"#0\"  >Manuten\u00e7\u00e3o T\u00e9cnica Preventiva e Corretiva;<\/a><\/h3><p>Para garantir este o funcionamento \u00e9 essencial sua manuten\u00e7\u00e3o preventiva que \u00e9 um processo realizado que identifica as falhas no processo de esteriliza\u00e7\u00e3o antes de comprometer o trabalho executado<\/p>\n\t\t\t\t\t\t\t\t\t\t    <\/div>\n\t\t\t\t\t\t\t\t\t\t  <\/div>\n\t\t\t\t\t\t\t\t\t\t<\/div><div class=\"col-lg-6 col-md-6\">\n\t\t\t\t\t\t\t\t\t\t  <div class=\"feature-item\">\n\t\t\t\t\t\t\t\t\t\t     <div class=\"wndfal-icon\"><i class=\"ti-bar-chart\" aria-hidden=\"true\"><\/i><\/div>\n\t\t\t\t\t\t\t\t\t\t    <div class=\"feature-info\">\n\t\t\t\t\t\t\t\t\t\t      <h3 class=\"feature-title\"><a href=\"#0\"  >Bombas V\u00e1cuo<\/a><\/h3><p>Comercializamos bombas de v\u00e1cuo com menor custo e benef\u00edcio para a \u00e1rea hospitalar, aliment\u00edcio, laboratorial entre outros<\/p>\n\t\t\t\t\t\t\t\t\t\t    <\/div>\n\t\t\t\t\t\t\t\t\t\t  <\/div>\n\t\t\t\t\t\t\t\t\t\t<\/div><div class=\"col-lg-6 col-md-6\">\n\t\t\t\t\t\t\t\t\t\t  <div class=\"feature-item\">\n\t\t\t\t\t\t\t\t\t\t     <div class=\"wndfal-icon\"><i class=\"ti-receipt\" aria-hidden=\"true\"><\/i><\/div>\n\t\t\t\t\t\t\t\t\t\t    <div class=\"feature-info\">\n\t\t\t\t\t\t\t\t\t\t      <h3 class=\"feature-title\"><a href=\"#0\"  >Controladores e Termodesinfectora<\/a><\/h3><p>Resultando um alto desempenho, versatilidade e de f\u00e1cil utiliza\u00e7\u00e3o.<\/p>\n\t\t\t\t\t\t\t\t\t\t    <\/div>\n\t\t\t\t\t\t\t\t\t\t  <\/div>\n\t\t\t\t\t\t\t\t\t\t<\/div><\/div><\/div><\/div>\t\t<\/div>\n\t\t\t\t<\/div>\n\t\t\t\t<div class=\"elementor-element elementor-element-d3cb013 elementor-view-stacked elementor-widget__width-initial elementor-fixed elementor-shape-circle elementor-widget elementor-widget-icon\" data-id=\"d3cb013\" data-element_type=\"widget\" data-settings=\"{&quot;_position&quot;:&quot;fixed&quot;,&quot;_animation&quot;:&quot;none&quot;}\" data-widget_type=\"icon.default\">\n\t\t\t\t<div class=\"elementor-widget-container\">\n\t\t\t\t\t<div class=\"elementor-icon-wrapper\">\n\t\t\t<a class=\"elementor-icon elementor-animation-pulse\" href=\"https:\/\/api.whatsapp.com\/send?phone=5511992910749\" target=\"_blank\">\n\t\t\t<i aria-hidden=\"true\" class=\"fab fa-whatsapp\"><\/i>\t\t\t<\/a>\n\t\t<\/div>\n\t\t\t\t<\/div>\n\t\t\t\t<\/div>\n\t\t\t\t\t<\/div>\n\t\t<\/div>\n\t\t\t\t\t<\/div>\n\t\t<\/section>\n\t\t\t\t<section class=\"elementor-section elementor-top-section elementor-element elementor-element-aea3eef elementor-section-stretched elementor-section-full_width elementor-section-height-default elementor-section-height-default\" data-id=\"aea3eef\" data-element_type=\"section\" data-settings=\"{&quot;stretch_section&quot;:&quot;section-stretched&quot;}\">\n\t\t\t\t\t\t<div class=\"elementor-container elementor-column-gap-default\">\n\t\t\t\t\t<div class=\"elementor-column elementor-col-100 elementor-top-column elementor-element elementor-element-ea8cf11\" data-id=\"ea8cf11\" data-element_type=\"column\">\n\t\t\t<div class=\"elementor-widget-wrap elementor-element-populated\">\n\t\t\t\t\t\t<div class=\"elementor-element elementor-element-90a1056 elementor-widget elementor-widget-vt-windfall_parallax_content\" data-id=\"90a1056\" data-element_type=\"widget\" data-widget_type=\"vt-windfall_parallax_content.default\">\n\t\t\t\t<div class=\"elementor-widget-container\">\n\t\t\t<div class=\"wndfal-reliable wndfal-parallax wndfal-overlay \">\r\n\t\t\t\t\t\t\t\t  <div class=\"container\">\r\n\t\t\t\t\t\t\t\t    <h2 class=\"reliable-title\">Temos pe\u00e7as e acess\u00f3rios para autoclaves vertical e horizontal<\/h2>\r\n\t\t\t\t\t\t\t\t    <div class=\"wndfal-btns-group\"><a href=\"#0\" target=\"_blank\" rel=\"nofollow\" class=\"wndfal-btn btn-one\"><span class=\"btn-text-wrap\"><span class=\"btn-text\">Solicite um or\u00e7amento<\/span><\/span><\/a><\/div>\r\n\t\t\t\t\t\t\t\t  <\/div>\r\n\t\t\t\t\t\t\t\t<\/div>\t\t<\/div>\n\t\t\t\t<\/div>\n\t\t\t\t\t<\/div>\n\t\t<\/div>\n\t\t\t\t\t<\/div>\n\t\t<\/section>\n\t\t\t\t<\/div>\n\t\t","protected":false},"excerpt":{"rendered":"Bem-vindo a FP MCM Autoclaves \u201cA FP MCM Autoclave e Wilson Autoclaves est\u00e3o atuando juntas no mercado, fortalecendo o ramo de manuten\u00e7\u00e3o preventiva, corretiva, automa\u00e7\u00e3o, reforma, vendas de autoclaves e acess\u00f3rios\u201d. Com a experi\u00eancia acumulada de anos, temos a miss\u00e3o de garantir a satisfa\u00e7\u00e3o de nossos clientes e colaboradores. Atendemos laborat\u00f3rios, CME, lact\u00e1rios, Clinicas, Industrias,&#8230;","protected":false},"author":1,"featured_media":0,"parent":0,"menu_order":0,"comment_status":"closed","ping_status":"closed","template":"","meta":{"footnotes":""},"class_list":["post-329","page","type-page","status-publish","hentry"],"_links":{"self":[{"href":"https:\/\/fpmcmautoclaves.com.br\/index.php?rest_route=\/wp\/v2\/pages\/329","targetHints":{"allow":["GET"]}}],"collection":[{"href":"https:\/\/fpmcmautoclaves.com.br\/index.php?rest_route=\/wp\/v2\/pages"}],"about":[{"href":"https:\/\/fpmcmautoclaves.com.br\/index.php?rest_route=\/wp\/v2\/types\/page"}],"author":[{"embeddable":true,"href":"https:\/\/fpmcmautoclaves.com.br\/index.php?rest_route=\/wp\/v2\/users\/1"}],"replies":[{"embeddable":true,"href":"https:\/\/fpmcmautoclaves.com.br\/index.php?rest_route=%2Fwp%2Fv2%2Fcomments&post=329"}],"version-history":[{"count":28,"href":"https:\/\/fpmcmautoclaves.com.br\/index.php?rest_route=\/wp\/v2\/pages\/329\/revisions"}],"predecessor-version":[{"id":1641,"href":"https:\/\/fpmcmautoclaves.com.br\/index.php?rest_route=\/wp\/v2\/pages\/329\/revisions\/1641"}],"wp:attachment":[{"href":"https:\/\/fpmcmautoclaves.com.br\/index.php?rest_route=%2Fwp%2Fv2%2Fmedia&parent=329"}],"curies":[{"name":"wp","href":"https:\/\/api.w.org\/{rel}","templated":true}]}}