{"id":266,"date":"2019-04-03T11:36:48","date_gmt":"2019-04-03T11:36:48","guid":{"rendered":"https:\/\/victorthemes.com\/themes\/windfall\/?page_id=266"},"modified":"2025-04-03T14:54:23","modified_gmt":"2025-04-03T17:54:23","slug":"home-2","status":"publish","type":"page","link":"https:\/\/fpmcmautoclaves.com.br\/","title":{"rendered":"Home"},"content":{"rendered":"\t\t<div data-elementor-type=\"wp-post\" data-elementor-id=\"266\" class=\"elementor elementor-266\">\n\t\t\t\t\t\t<section class=\"elementor-section elementor-top-section elementor-element elementor-element-1789c98 elementor-section-stretched elementor-section-full_width elementor-section-height-default elementor-section-height-default\" data-id=\"1789c98\" data-element_type=\"section\" data-settings=\"{&quot;stretch_section&quot;:&quot;section-stretched&quot;,&quot;background_background&quot;:&quot;classic&quot;}\">\n\t\t\t\t\t\t<div class=\"elementor-container elementor-column-gap-default\">\n\t\t\t\t\t<div class=\"elementor-column elementor-col-100 elementor-top-column elementor-element elementor-element-98f16e1\" data-id=\"98f16e1\" data-element_type=\"column\">\n\t\t\t<div class=\"elementor-widget-wrap elementor-element-populated\">\n\t\t\t\t\t\t<div class=\"elementor-element elementor-element-e8919ac elementor-hidden-mobile elementor-widget elementor-widget-vt-windfall_services\" data-id=\"e8919ac\" data-element_type=\"widget\" data-settings=\"{&quot;services_align&quot;:&quot;left&quot;}\" data-widget_type=\"vt-windfall_services.default\">\n\t\t\t\t<div class=\"elementor-widget-container\">\n\t\t\t<div class=\"wndfal-services services-style-three service-left-align\"><div class=\"container\"><div class=\"services-wrap\"><div class=\"row\"><div class=\"col-lg-4 col-md-12 service-item-wrap\">\r\n\t\t\t\t\t\t\t\t\t\t  <div class=\"service-item \">\r\n\t\t\t\t\t\t\t\t\t\t    <div class=\"wndfal-icon\"> <i class=\"fa fa-cogs\" aria-hidden=\"true\"><\/i><\/div>\r\n\t\t\t\t\t\t\t\t\t\t    <div class=\"service-info\">\r\n\t\t\t\t\t\t\t\t\t\t      <h3 class=\"service-title\"><a href=\"#0\"  >Manuten\u00e7\u00e3o<\/a><\/h3>\r\n\t\t\t\t\t\t\t\t\t\t      <p>\u2022 Manuten\u00e7\u00e3o T\u00e9cnica Preventiva e Corretiva<\/p>\r\n\t\t\t\t\t\t\t\t\t\t      <div class=\"wndfal-btns-group\">\r\n\t\t\t\t\t\t\t\t\t\t        \r\n\t\t\t\t\t\t\t\t\t\t      <\/div>\r\n\t\t\t\t\t\t\t\t\t\t    <\/div>\r\n\t\t\t\t\t\t\t\t\t\t  <\/div>\r\n\t\t\t\t\t\t\t\t\t\t<\/div><div class=\"col-lg-4 col-md-12 service-item-wrap\">\r\n\t\t\t\t\t\t\t\t\t\t  <div class=\"service-item  wndfal-overlay\">\r\n\t\t\t\t\t\t\t\t\t\t    <div class=\"wndfal-icon\"> <i class=\"fa fa-briefcase\" aria-hidden=\"true\"><\/i><\/div>\r\n\t\t\t\t\t\t\t\t\t\t    <div class=\"service-info\">\r\n\t\t\t\t\t\t\t\t\t\t      <h3 class=\"service-title\">Reformas<\/h3>\r\n\t\t\t\t\t\t\t\t\t\t      <p> Reformas e Automa\u00e7\u00e3o de Autoclaves e Estufas<\/p>\r\n\t\t\t\t\t\t\t\t\t\t      <div class=\"wndfal-btns-group\">\r\n\t\t\t\t\t\t\t\t\t\t        \r\n\t\t\t\t\t\t\t\t\t\t      <\/div>\r\n\t\t\t\t\t\t\t\t\t\t    <\/div>\r\n\t\t\t\t\t\t\t\t\t\t  <\/div>\r\n\t\t\t\t\t\t\t\t\t\t<\/div><div class=\"col-lg-4 col-md-12 service-item-wrap\">\r\n\t\t\t\t\t\t\t\t\t\t  <div class=\"service-item \">\r\n\t\t\t\t\t\t\t\t\t\t    <div class=\"wndfal-icon\"> <i class=\"fa fa-cog\" aria-hidden=\"true\"><\/i><\/div>\r\n\t\t\t\t\t\t\t\t\t\t    <div class=\"service-info\">\r\n\t\t\t\t\t\t\t\t\t\t      <h3 class=\"service-title\"><a href=\"#0\"  >Consertos<\/a><\/h3>\r\n\t\t\t\t\t\t\t\t\t\t      <p>Conserto de Bombas de V\u00e1cuo, Autoclaves Verticais e horizontais<\/p>\r\n\t\t\t\t\t\t\t\t\t\t      <div class=\"wndfal-btns-group\">\r\n\t\t\t\t\t\t\t\t\t\t        \r\n\t\t\t\t\t\t\t\t\t\t      <\/div>\r\n\t\t\t\t\t\t\t\t\t\t    <\/div>\r\n\t\t\t\t\t\t\t\t\t\t  <\/div>\r\n\t\t\t\t\t\t\t\t\t\t<\/div><\/div><\/div><\/div><\/div>\t\t<\/div>\n\t\t\t\t<\/div>\n\t\t\t\t<div class=\"elementor-element elementor-element-79245e2 elementor-hidden-mobile elementor-widget elementor-widget-vt-windfall_emergency\" data-id=\"79245e2\" data-element_type=\"widget\" data-settings=\"{&quot;link_icon&quot;:&quot;fa fa-whatsapp&quot;,&quot;_animation&quot;:&quot;none&quot;}\" data-widget_type=\"vt-windfall_emergency.default\">\n\t\t\t\t<div class=\"elementor-widget-container\">\n\t\t\t<div class=\"services-emergency\"><h3 class=\"services-emergency-title\">Precisando de pe\u00e7as de reposi\u00e7\u00e3o para sua Autoclave?   <\/h3><span> <i class=\"fa fa-whatsapp\" aria-hidden=\"true\"><\/i> <a href=\"https:\/\/api.whatsapp.com\/send?phone=5511970837472\"  > 11  99291.0749<\/a><\/span><\/div>\t\t<\/div>\n\t\t\t\t<\/div>\n\t\t\t\t\t<\/div>\n\t\t<\/div>\n\t\t\t\t\t<\/div>\n\t\t<\/section>\n\t\t\t\t<section class=\"elementor-section elementor-top-section elementor-element elementor-element-72fb8aa elementor-section-full_width elementor-section-height-default elementor-section-height-default\" data-id=\"72fb8aa\" data-element_type=\"section\">\n\t\t\t\t\t\t<div class=\"elementor-container elementor-column-gap-default\">\n\t\t\t\t\t<div class=\"elementor-column elementor-col-100 elementor-top-column elementor-element elementor-element-f63f588\" data-id=\"f63f588\" data-element_type=\"column\">\n\t\t\t<div class=\"elementor-widget-wrap elementor-element-populated\">\n\t\t\t\t\t\t<div class=\"elementor-element elementor-element-aad8ec1 elementor-widget elementor-widget-vt-windfall_section_title\" data-id=\"aad8ec1\" data-element_type=\"widget\" data-widget_type=\"vt-windfall_section_title.default\">\n\t\t\t\t<div class=\"elementor-widget-container\">\n\t\t\t<div class=\"section-title-wrap section-left-align wndfal-sectTitleElementor \"><h2 class=\"section-title\">Autoclaves verticais e Horizontais<\/h2><p>Servi\u00e7os de Manuten\u00e7\u00e3o e venda de equipamentos<\/p><\/div>\t\t<\/div>\n\t\t\t\t<\/div>\n\t\t\t\t<div class=\"elementor-element elementor-element-2a2ed78 elementor-widget elementor-widget-vt-windfall_features\" data-id=\"2a2ed78\" data-element_type=\"widget\" data-settings=\"{&quot;features_align&quot;:&quot;left&quot;}\" data-widget_type=\"vt-windfall_features.default\">\n\t\t\t\t<div class=\"elementor-widget-container\">\n\t\t\t<div class=\"wndfal-features features-style-two\"><div class=\"container\"><div class=\"row\"><div class=\"col-lg-6 col-md-6\">\n\t\t\t\t\t\t\t\t\t\t  <div class=\"feature-item\">\n\t\t\t\t\t\t\t\t\t\t     <div class=\"wndfal-icon\"><i class=\"fa fa-arrow-circle-right\" aria-hidden=\"true\"><\/i><\/div>\n\t\t\t\t\t\t\t\t\t\t    <div class=\"feature-info\">\n\t\t\t\t\t\t\t\t\t\t      <h3 class=\"feature-title\"><a href=\"#0\"  >Pe\u00e7as e Acess\u00f3rios<\/a><\/h3><p> V\u00e1lvulas Solenoides, Man\u00f4metros, Guarni\u00e7\u00e3o de Silicone, Membrana de Silicone, Transmissor de Press\u00e3o, Fita para impressora,  Microcontroladores e Resist\u00eancias<\/p>\n\t\t\t\t\t\t\t\t\t\t    <\/div>\n\t\t\t\t\t\t\t\t\t\t  <\/div>\n\t\t\t\t\t\t\t\t\t\t<\/div><div class=\"col-lg-6 col-md-6\">\n\t\t\t\t\t\t\t\t\t\t  <div class=\"feature-item\">\n\t\t\t\t\t\t\t\t\t\t     <div class=\"wndfal-icon\"><i class=\"fa fa-arrow-circle-right\" aria-hidden=\"true\"><\/i><\/div>\n\t\t\t\t\t\t\t\t\t\t    <div class=\"feature-info\">\n\t\t\t\t\t\t\t\t\t\t      <h3 class=\"feature-title\"><a href=\"#0\"  >Manuten\u00e7\u00e3o T\u00e9cnica Preventiva e Corretiva;<\/a><\/h3><p>Para garantir este o funcionamento \u00e9 essencial sua manuten\u00e7\u00e3o preventiva que \u00e9 um processo realizado que identifica as falhas no processo de esteriliza\u00e7\u00e3o antes de comprometer o trabalho executado<\/p>\n\t\t\t\t\t\t\t\t\t\t    <\/div>\n\t\t\t\t\t\t\t\t\t\t  <\/div>\n\t\t\t\t\t\t\t\t\t\t<\/div><div class=\"col-lg-6 col-md-6\">\n\t\t\t\t\t\t\t\t\t\t  <div class=\"feature-item\">\n\t\t\t\t\t\t\t\t\t\t     <div class=\"wndfal-icon\"><i class=\"fa fa-arrow-circle-right\" aria-hidden=\"true\"><\/i><\/div>\n\t\t\t\t\t\t\t\t\t\t    <div class=\"feature-info\">\n\t\t\t\t\t\t\t\t\t\t      <h3 class=\"feature-title\"><a href=\"#0\"  >Bombas V\u00e1cuo<\/a><\/h3><p>Comercializamos bombas de v\u00e1cuo com menor custo e benef\u00edcio para a \u00e1rea hospitalar, aliment\u00edcio, laboratorial entre outros<\/p>\n\t\t\t\t\t\t\t\t\t\t    <\/div>\n\t\t\t\t\t\t\t\t\t\t  <\/div>\n\t\t\t\t\t\t\t\t\t\t<\/div><div class=\"col-lg-6 col-md-6\">\n\t\t\t\t\t\t\t\t\t\t  <div class=\"feature-item\">\n\t\t\t\t\t\t\t\t\t\t     <div class=\"wndfal-icon\"><i class=\"fa fa-arrow-circle-right\" aria-hidden=\"true\"><\/i><\/div>\n\t\t\t\t\t\t\t\t\t\t    <div class=\"feature-info\">\n\t\t\t\t\t\t\t\t\t\t      <h3 class=\"feature-title\"><a href=\"#0\"  >Controladores<\/a><\/h3><p>A Solu\u00e7\u00e3o para a sua autoclave, trabalhamos com diversos controladores para adequar com os equipamentos de marcas nacionais<\/p>\n\t\t\t\t\t\t\t\t\t\t    <\/div>\n\t\t\t\t\t\t\t\t\t\t  <\/div>\n\t\t\t\t\t\t\t\t\t\t<\/div><\/div><\/div><\/div>\t\t<\/div>\n\t\t\t\t<\/div>\n\t\t\t\t\t<\/div>\n\t\t<\/div>\n\t\t\t\t\t<\/div>\n\t\t<\/section>\n\t\t\t\t<section class=\"elementor-section elementor-top-section elementor-element elementor-element-197dc33 elementor-section-stretched elementor-section-full_width elementor-section-height-default elementor-section-height-default\" data-id=\"197dc33\" data-element_type=\"section\" data-settings=\"{&quot;stretch_section&quot;:&quot;section-stretched&quot;}\">\n\t\t\t\t\t\t<div class=\"elementor-container elementor-column-gap-default\">\n\t\t\t\t\t<div class=\"elementor-column elementor-col-100 elementor-top-column elementor-element elementor-element-5fc3bdb\" data-id=\"5fc3bdb\" data-element_type=\"column\">\n\t\t\t<div class=\"elementor-widget-wrap elementor-element-populated\">\n\t\t\t\t\t\t<div class=\"elementor-element elementor-element-885cfb9 elementor-widget elementor-widget-vt-windfall_parallax_content\" data-id=\"885cfb9\" data-element_type=\"widget\" data-widget_type=\"vt-windfall_parallax_content.default\">\n\t\t\t\t<div class=\"elementor-widget-container\">\n\t\t\t<div class=\"wndfal-reliable wndfal-parallax wndfal-overlay \">\r\n\t\t\t\t\t\t\t\t  <div class=\"container\">\r\n\t\t\t\t\t\t\t\t    <h2 class=\"reliable-title\">Temos pe\u00e7as e acess\u00f3rios para autoclaves vertical e horizontal<\/h2>\r\n\t\t\t\t\t\t\t\t    <div class=\"wndfal-btns-group\"><a href=\"#0\" target=\"_blank\" rel=\"nofollow\" class=\"wndfal-btn btn-one\"><span class=\"btn-text-wrap\"><span class=\"btn-text\">Solicite um or\u00e7amento<\/span><\/span><\/a><\/div>\r\n\t\t\t\t\t\t\t\t  <\/div>\r\n\t\t\t\t\t\t\t\t<\/div>\t\t<\/div>\n\t\t\t\t<\/div>\n\t\t\t\t\t<\/div>\n\t\t<\/div>\n\t\t\t\t\t<\/div>\n\t\t<\/section>\n\t\t\t\t<section class=\"elementor-section elementor-top-section elementor-element elementor-element-e26bf62 elementor-section-boxed elementor-section-height-default elementor-section-height-default\" data-id=\"e26bf62\" data-element_type=\"section\">\n\t\t\t\t\t\t<div class=\"elementor-container elementor-column-gap-default\">\n\t\t\t\t\t<div class=\"elementor-column elementor-col-100 elementor-top-column elementor-element elementor-element-c8146ac\" data-id=\"c8146ac\" data-element_type=\"column\">\n\t\t\t<div class=\"elementor-widget-wrap elementor-element-populated\">\n\t\t\t\t\t\t<div class=\"elementor-element elementor-element-cc1c6bc elementor-widget elementor-widget-vt-windfall_client\" data-id=\"cc1c6bc\" data-element_type=\"widget\" data-widget_type=\"vt-windfall_client.default\">\n\t\t\t\t<div class=\"elementor-widget-container\">\n\t\t\t<div class=\"wndfal-partners\">\n\t\t\t\t\t\t\t  <div class=\"container\">\n\t\t\t\t\t\t\t    <h4 class=\"partners-title\">Trabalhamos com as marcas:<\/h4>\n\t\t\t\t\t\t\t    <div class=\"owl-carousel\"  data-loop=\"true\" data-items=\"5\" data-margin=\"30\" data-dots=\"false\" data-nav=\"false\" data-autoplay-timeout=\"5000\" data-mouse-drag=\"true\" data-items-tablet=\"3\" data-items-mobile-landscape=\"2\" data-items-mobile-portrait=\"1\" data-rtl=\"false\"><div class=\"item\"><div class=\"partner-item\"><div class=\"wndfal-image\"><a href=\"#0\" target=\"_blank\" rel=\"nofollow\"><img decoding=\"async\" src=\"https:\/\/fpmcmautoclaves.com.br\/wp-content\/uploads\/2021\/10\/logo_1.jpg\" alt=\"\" style=\" \"><\/a><\/div><\/div><\/div><div class=\"item\"><div class=\"partner-item\"><div class=\"wndfal-image\"><a href=\"#0\" target=\"_blank\" rel=\"nofollow\"><img decoding=\"async\" src=\"https:\/\/fpmcmautoclaves.com.br\/wp-content\/uploads\/2021\/10\/logo_2.jpg\" alt=\"\" style=\" \"><\/a><\/div><\/div><\/div><div class=\"item\"><div class=\"partner-item\"><div class=\"wndfal-image\"><a href=\"#0\" target=\"_blank\" rel=\"nofollow\"><img decoding=\"async\" src=\"https:\/\/fpmcmautoclaves.com.br\/wp-content\/uploads\/2021\/10\/logo_3.jpg\" alt=\"\" style=\" \"><\/a><\/div><\/div><\/div><div class=\"item\"><div class=\"partner-item\"><div class=\"wndfal-image\"><a href=\"#0\" target=\"_blank\" rel=\"nofollow\"><img decoding=\"async\" src=\"https:\/\/fpmcmautoclaves.com.br\/wp-content\/uploads\/2021\/10\/logo_4.jpg\" alt=\"\" style=\" \"><\/a><\/div><\/div><\/div><div class=\"item\"><div class=\"partner-item\"><div class=\"wndfal-image\"><a href=\"#0\" target=\"_blank\" rel=\"nofollow\"><img decoding=\"async\" src=\"https:\/\/fpmcmautoclaves.com.br\/wp-content\/uploads\/2021\/10\/logo_5.jpg\" alt=\"\" style=\" \"><\/a><\/div><\/div><\/div><div class=\"item\"><div class=\"partner-item\"><div class=\"wndfal-image\"><span><img decoding=\"async\" src=\"https:\/\/fpmcmautoclaves.com.br\/wp-content\/uploads\/2021\/10\/logo_FP_retina.webp\" alt=\"\" style=\" \"><\/span><\/div><\/div><\/div><\/div><\/div><\/div>\t\t<\/div>\n\t\t\t\t<\/div>\n\t\t\t\t\t<\/div>\n\t\t<\/div>\n\t\t\t\t\t<\/div>\n\t\t<\/section>\n\t\t\t\t<section class=\"elementor-section elementor-top-section elementor-element elementor-element-f2671d5 elementor-section-boxed elementor-section-height-default elementor-section-height-default\" data-id=\"f2671d5\" data-element_type=\"section\">\n\t\t\t\t\t\t<div class=\"elementor-container elementor-column-gap-default\">\n\t\t\t\t\t<div class=\"elementor-column elementor-col-100 elementor-top-column elementor-element elementor-element-18a17f5\" data-id=\"18a17f5\" data-element_type=\"column\">\n\t\t\t<div class=\"elementor-widget-wrap elementor-element-populated\">\n\t\t\t\t\t\t<div class=\"elementor-element elementor-element-b4e59ab elementor-view-stacked elementor-widget__width-initial elementor-fixed elementor-shape-circle elementor-widget elementor-widget-icon\" data-id=\"b4e59ab\" data-element_type=\"widget\" data-settings=\"{&quot;_position&quot;:&quot;fixed&quot;,&quot;_animation&quot;:&quot;none&quot;}\" data-widget_type=\"icon.default\">\n\t\t\t\t<div class=\"elementor-widget-container\">\n\t\t\t\t\t<div class=\"elementor-icon-wrapper\">\n\t\t\t<a class=\"elementor-icon elementor-animation-pulse\" href=\"https:\/\/api.whatsapp.com\/send?phone=5511992910749\" target=\"_blank\">\n\t\t\t<i aria-hidden=\"true\" class=\"fab fa-whatsapp\"><\/i>\t\t\t<\/a>\n\t\t<\/div>\n\t\t\t\t<\/div>\n\t\t\t\t<\/div>\n\t\t\t\t\t<\/div>\n\t\t<\/div>\n\t\t\t\t\t<\/div>\n\t\t<\/section>\n\t\t\t\t<\/div>\n\t\t","protected":false},"excerpt":{"rendered":"Manuten\u00e7\u00e3o \u2022 Manuten\u00e7\u00e3o T\u00e9cnica Preventiva e Corretiva Reformas Reformas e Automa\u00e7\u00e3o de Autoclaves e Estufas Consertos Conserto de Bombas de V\u00e1cuo, Autoclaves Verticais e horizontais Precisando de pe\u00e7as de reposi\u00e7\u00e3o para sua Autoclave? 11 99291.0749 Autoclaves verticais e Horizontais Servi\u00e7os de Manuten\u00e7\u00e3o e venda de equipamentos Pe\u00e7as e Acess\u00f3rios V\u00e1lvulas Solenoides, Man\u00f4metros, Guarni\u00e7\u00e3o de Silicone,&#8230;","protected":false},"author":1,"featured_media":0,"parent":0,"menu_order":0,"comment_status":"closed","ping_status":"closed","template":"","meta":{"footnotes":""},"class_list":["post-266","page","type-page","status-publish","hentry"],"_links":{"self":[{"href":"https:\/\/fpmcmautoclaves.com.br\/index.php?rest_route=\/wp\/v2\/pages\/266","targetHints":{"allow":["GET"]}}],"collection":[{"href":"https:\/\/fpmcmautoclaves.com.br\/index.php?rest_route=\/wp\/v2\/pages"}],"about":[{"href":"https:\/\/fpmcmautoclaves.com.br\/index.php?rest_route=\/wp\/v2\/types\/page"}],"author":[{"embeddable":true,"href":"https:\/\/fpmcmautoclaves.com.br\/index.php?rest_route=\/wp\/v2\/users\/1"}],"replies":[{"embeddable":true,"href":"https:\/\/fpmcmautoclaves.com.br\/index.php?rest_route=%2Fwp%2Fv2%2Fcomments&post=266"}],"version-history":[{"count":219,"href":"https:\/\/fpmcmautoclaves.com.br\/index.php?rest_route=\/wp\/v2\/pages\/266\/revisions"}],"predecessor-version":[{"id":2158,"href":"https:\/\/fpmcmautoclaves.com.br\/index.php?rest_route=\/wp\/v2\/pages\/266\/revisions\/2158"}],"wp:attachment":[{"href":"https:\/\/fpmcmautoclaves.com.br\/index.php?rest_route=%2Fwp%2Fv2%2Fmedia&parent=266"}],"curies":[{"name":"wp","href":"https:\/\/api.w.org\/{rel}","templated":true}]}}